{"id":9317,"date":"2023-09-18T16:13:07","date_gmt":"2023-09-18T19:13:07","guid":{"rendered":"https:\/\/worldpokerfederation.org\/?page_id=9317"},"modified":"2026-02-27T17:13:19","modified_gmt":"2026-02-27T20:13:19","slug":"conselho-de-administracao","status":"publish","type":"page","link":"https:\/\/worldpokerfederation.org\/pt\/sobre-a-federacao-mundial-de-poquer\/conselho-de-administracao\/","title":{"rendered":"Conselho Administrativo"},"content":{"rendered":"<div data-elementor-type=\"wp-page\" data-elementor-id=\"9317\" class=\"elementor elementor-9317\" data-elementor-post-type=\"page\">\n\t\t\t\t\t\t<section class=\"elementor-section elementor-top-section elementor-element elementor-element-acb5158 elementor-section-height-min-height elementor-section-boxed elementor-section-height-default elementor-section-items-middle wpr-particle-no wpr-jarallax-no wpr-parallax-no wpr-sticky-section-no wpr-equal-height-no\" data-id=\"acb5158\" data-element_type=\"section\" data-e-type=\"section\" data-settings=\"{&quot;background_background&quot;:&quot;classic&quot;}\">\n\t\t\t\t\t\t\t<div class=\"elementor-background-overlay\"><\/div>\n\t\t\t\t\t\t\t<div class=\"elementor-container elementor-column-gap-default\">\n\t\t\t\t\t<div class=\"elementor-column elementor-col-100 elementor-top-column elementor-element elementor-element-457f907\" data-id=\"457f907\" data-element_type=\"column\" data-e-type=\"column\">\n\t\t\t<div class=\"elementor-widget-wrap elementor-element-populated\">\n\t\t\t\t<div class=\"elementor-element elementor-element-8f4729c e-con-full e-flex wpr-particle-no wpr-jarallax-no wpr-parallax-no wpr-sticky-section-no wpr-equal-height-no e-con e-child\" data-id=\"8f4729c\" data-element_type=\"container\" data-e-type=\"container\">\n\t\t\t\t<div class=\"elementor-element elementor-element-65892fa elementor-widget elementor-widget-heading\" data-id=\"65892fa\" data-element_type=\"widget\" data-e-type=\"widget\" data-widget_type=\"heading.default\">\n\t\t\t\t<div class=\"elementor-widget-container\">\n\t\t\t\t\t<h1 class=\"elementor-heading-title elementor-size-default\">Conselho de Administra\u00e7\u00e3o da WPF<\/h1>\t\t\t\t<\/div>\n\t\t\t\t<\/div>\n\t\t\t\t<div class=\"elementor-element elementor-element-22e2e7b elementor-widget elementor-widget-text-editor\" data-id=\"22e2e7b\" data-element_type=\"widget\" data-e-type=\"widget\" data-widget_type=\"text-editor.default\">\n\t\t\t\t<div class=\"elementor-widget-container\">\n\t\t\t\t\t\t\t\t\t<p>Unidos por um prop\u00f3sito: lutar pelo poker e por tudo o que ele representa.<\/p>\t\t\t\t\t\t\t\t<\/div>\n\t\t\t\t<\/div>\n\t\t\t\t<\/div>\n\t\t\t\t\t<\/div>\n\t\t<\/div>\n\t\t\t\t\t<\/div>\n\t\t<\/section>\n\t\t<div class=\"elementor-element elementor-element-d4a61e2 e-flex e-con-boxed wpr-particle-no wpr-jarallax-no wpr-parallax-no wpr-sticky-section-no wpr-equal-height-no e-con e-parent\" data-id=\"d4a61e2\" data-element_type=\"container\" data-e-type=\"container\" data-settings=\"{&quot;background_background&quot;:&quot;classic&quot;}\">\n\t\t\t\t\t<div class=\"e-con-inner\">\n\t\t\t\t<div class=\"elementor-element elementor-element-6cb1b19 elementor-widget elementor-widget-pg-glam\" data-id=\"6cb1b19\" data-element_type=\"widget\" data-e-type=\"widget\" data-widget_type=\"pg-glam.default\">\n\t\t\t\t<div class=\"elementor-widget-container\">\n\t\t\t\t\t\t\t<div class=\"pg-glam-grid pg-grid\">\n\t\t\t\n\t\t<div class=\"pg-glam-item pg-item elementor-repeater-item-0d42cc6\">\n\t\t\t\t\t\t\t\t<div class=\"pg-glam-image-wrap bdt-pg-img-mask\">\n\t\t\t<img fetchpriority=\"high\" decoding=\"async\" width=\"500\" height=\"500\" src=\"https:\/\/i0.wp.com\/worldpokerfederation.org\/wp-content\/uploads\/2025\/04\/Igor-Trafane-WPF-President.webp?fit=500%2C500&amp;ssl=1\" class=\"pg-glam-img\" alt=\"Presidente\" srcset=\"https:\/\/i0.wp.com\/worldpokerfederation.org\/wp-content\/uploads\/2025\/04\/Igor-Trafane-WPF-President.webp?w=500&amp;ssl=1 500w, https:\/\/i0.wp.com\/worldpokerfederation.org\/wp-content\/uploads\/2025\/04\/Igor-Trafane-WPF-President.webp?resize=300%2C300&amp;ssl=1 300w, https:\/\/i0.wp.com\/worldpokerfederation.org\/wp-content\/uploads\/2025\/04\/Igor-Trafane-WPF-President.webp?resize=150%2C150&amp;ssl=1 150w, https:\/\/i0.wp.com\/worldpokerfederation.org\/wp-content\/uploads\/2025\/04\/Igor-Trafane-WPF-President.webp?resize=12%2C12&amp;ssl=1 12w\" sizes=\"(max-width: 500px) 100vw, 500px\" \/>\t\t\t\t\t<\/div>\n\t\t\t\t\t<div class=\"pg-glam-content\">\n\t\t\t\t\t\t\t\t\t<div class=\"pg-glam-meta\" data-title=\"Igor Trafane\">\n\t\t\t\t<span>Igor Trafane<\/span>\n\t\t\t<\/div>\n\t\t\t\t\t\t<h3 class=\"pg-glam-title\" data-title=\"President\"><span>Presidente<\/span><\/h3>\t\t\t\t\t\t\t<\/div>\n\t\t\t\t\t\t\t\t\t\t\t\t<a href=\"https:\/\/worldpokerfederation.org\/pt\/sobre-a-federacao-mundial-de-poquer\/conselho-de-administracao\/igor-trafane\/\" class=\"pg-open-lightbox\"><\/a>\n\t\t\t\t\t\t\t\t\t\t\t<\/div>\n\n\t\t\n\t\t<div class=\"pg-glam-item pg-item elementor-repeater-item-72da8c8\">\n\t\t\t\t\t\t\t\t<div class=\"pg-glam-image-wrap bdt-pg-img-mask\">\n\t\t\t<img decoding=\"async\" width=\"500\" height=\"500\" src=\"https:\/\/i0.wp.com\/worldpokerfederation.org\/wp-content\/uploads\/2025\/04\/Leonardo-Cavarga-WPF-CEO-WebP.webp?fit=500%2C500&amp;ssl=1\" class=\"pg-glam-img\" alt=\"CEO\" srcset=\"https:\/\/i0.wp.com\/worldpokerfederation.org\/wp-content\/uploads\/2025\/04\/Leonardo-Cavarga-WPF-CEO-WebP.webp?w=500&amp;ssl=1 500w, https:\/\/i0.wp.com\/worldpokerfederation.org\/wp-content\/uploads\/2025\/04\/Leonardo-Cavarga-WPF-CEO-WebP.webp?resize=300%2C300&amp;ssl=1 300w, https:\/\/i0.wp.com\/worldpokerfederation.org\/wp-content\/uploads\/2025\/04\/Leonardo-Cavarga-WPF-CEO-WebP.webp?w=150&amp;ssl=1 150w, https:\/\/i0.wp.com\/worldpokerfederation.org\/wp-content\/uploads\/2025\/04\/Leonardo-Cavarga-WPF-CEO-WebP.webp?resize=12%2C12&amp;ssl=1 12w, https:\/\/i0.wp.com\/worldpokerfederation.org\/wp-content\/uploads\/2025\/04\/Leonardo-Cavarga-WPF-CEO-WebP.webp?w=100&amp;ssl=1 100w, https:\/\/i0.wp.com\/worldpokerfederation.org\/wp-content\/uploads\/2025\/04\/Leonardo-Cavarga-WPF-CEO-WebP.webp?w=200&amp;ssl=1 200w\" sizes=\"(max-width: 500px) 100vw, 500px\" \/>\t\t\t\t\t<\/div>\n\t\t\t\t\t<div class=\"pg-glam-content\">\n\t\t\t\t\t\t\t\t\t<div class=\"pg-glam-meta\" data-title=\"Leonardo Cavarge\">\n\t\t\t\t<span>Leonardo Cavarge<\/span>\n\t\t\t<\/div>\n\t\t\t\t\t\t<h3 class=\"pg-glam-title\" data-title=\"CEO\"><span>CEO<\/span><\/h3>\t\t\t\t\t\t\t<\/div>\n\t\t\t\t\t\t\t\t\t\t\t\t<a href=\"https:\/\/worldpokerfederation.org\/pt\/sobre-a-federacao-mundial-de-poquer\/conselho-de-administracao\/leonardo-cavarge\/\" class=\"pg-open-lightbox\"><\/a>\n\t\t\t\t\t\t\t\t\t\t\t<\/div>\n\n\t\t\n\t\t<div class=\"pg-glam-item pg-item elementor-repeater-item-2bb393e\">\n\t\t\t\t\t\t\t\t<div class=\"pg-glam-image-wrap bdt-pg-img-mask\">\n\t\t\t<img decoding=\"async\" width=\"500\" height=\"500\" src=\"https:\/\/i0.wp.com\/worldpokerfederation.org\/wp-content\/uploads\/2025\/04\/Roberto-Lifschitz-WPF-Marketing.webp?fit=500%2C500&amp;ssl=1\" class=\"pg-glam-img\" alt=\"Gerente de Marketing\" srcset=\"https:\/\/i0.wp.com\/worldpokerfederation.org\/wp-content\/uploads\/2025\/04\/Roberto-Lifschitz-WPF-Marketing.webp?w=500&amp;ssl=1 500w, https:\/\/i0.wp.com\/worldpokerfederation.org\/wp-content\/uploads\/2025\/04\/Roberto-Lifschitz-WPF-Marketing.webp?resize=300%2C300&amp;ssl=1 300w, https:\/\/i0.wp.com\/worldpokerfederation.org\/wp-content\/uploads\/2025\/04\/Roberto-Lifschitz-WPF-Marketing.webp?resize=150%2C150&amp;ssl=1 150w, https:\/\/i0.wp.com\/worldpokerfederation.org\/wp-content\/uploads\/2025\/04\/Roberto-Lifschitz-WPF-Marketing.webp?resize=12%2C12&amp;ssl=1 12w\" sizes=\"(max-width: 500px) 100vw, 500px\" \/>\t\t\t\t\t<\/div>\n\t\t\t\t\t<div class=\"pg-glam-content\">\n\t\t\t\t\t\t\t\t\t<div class=\"pg-glam-meta\" data-title=\"Roberto Lifschitz\">\n\t\t\t\t<span>Roberto Lifschitz<\/span>\n\t\t\t<\/div>\n\t\t\t\t\t\t<h3 class=\"pg-glam-title\" data-title=\"Marketing Manager\"><span>Gerente de Marketing<\/span><\/h3>\t\t\t\t\t\t\t<\/div>\n\t\t\t\t\t\t\t\t\t\t\t\t<a href=\"https:\/\/worldpokerfederation.org\/pt\/sobre-a-federacao-mundial-de-poquer\/conselho-de-administracao\/roberto-lifschitz\/\" class=\"pg-open-lightbox\"><\/a>\n\t\t\t\t\t\t\t\t\t\t\t<\/div>\n\n\t\t\n\t\t<div class=\"pg-glam-item pg-item elementor-repeater-item-d49df3f\">\n\t\t\t\t\t\t\t\t<div class=\"pg-glam-image-wrap bdt-pg-img-mask\">\n\t\t\t<img loading=\"lazy\" decoding=\"async\" width=\"600\" height=\"600\" src=\"https:\/\/i0.wp.com\/worldpokerfederation.org\/wp-content\/uploads\/2026\/02\/Ueltom-Lima-Gomes-World-Poker-Federation-Web.webp?fit=600%2C600&amp;ssl=1\" class=\"pg-glam-img\" alt=\"Rela\u00e7\u00f5es P\u00fablicas\" srcset=\"https:\/\/i0.wp.com\/worldpokerfederation.org\/wp-content\/uploads\/2026\/02\/Ueltom-Lima-Gomes-World-Poker-Federation-Web.webp?w=600&amp;ssl=1 600w, https:\/\/i0.wp.com\/worldpokerfederation.org\/wp-content\/uploads\/2026\/02\/Ueltom-Lima-Gomes-World-Poker-Federation-Web.webp?resize=300%2C300&amp;ssl=1 300w, https:\/\/i0.wp.com\/worldpokerfederation.org\/wp-content\/uploads\/2026\/02\/Ueltom-Lima-Gomes-World-Poker-Federation-Web.webp?resize=150%2C150&amp;ssl=1 150w, https:\/\/i0.wp.com\/worldpokerfederation.org\/wp-content\/uploads\/2026\/02\/Ueltom-Lima-Gomes-World-Poker-Federation-Web.webp?resize=12%2C12&amp;ssl=1 12w\" sizes=\"(max-width: 600px) 100vw, 600px\" \/>\t\t\t\t\t<\/div>\n\t\t\t\t\t<div class=\"pg-glam-content\">\n\t\t\t\t\t\t\t\t\t<div class=\"pg-glam-meta\" data-title=\"Ueltom Lima\">\n\t\t\t\t<span>Ueltom Lima<\/span>\n\t\t\t<\/div>\n\t\t\t\t\t\t<h3 class=\"pg-glam-title\" data-title=\"Public Relations\"><span>Rela\u00e7\u00f5es P\u00fablicas<\/span><\/h3>\t\t\t\t\t\t\t<\/div>\n\t\t\t\t\t\t\t\t\t\t\t\t<a href=\"https:\/\/worldpokerfederation.org\/pt\/sobre-a-federacao-mundial-de-poquer\/conselho-de-administracao\/ueltom-lima\/\" class=\"pg-open-lightbox\"><\/a>\n\t\t\t\t\t\t\t\t\t\t\t<\/div>\n\n\t\t\n\t\t<div class=\"pg-glam-item pg-item elementor-repeater-item-0491e03\">\n\t\t\t\t\t\t\t\t<div class=\"pg-glam-image-wrap bdt-pg-img-mask\">\n\t\t\t<img loading=\"lazy\" decoding=\"async\" width=\"800\" height=\"808\" src=\"https:\/\/i0.wp.com\/worldpokerfederation.org\/wp-content\/uploads\/2026\/02\/Alberoni-Bill-Castro-Sports-at-the-World-Poker-Federation.webp?fit=800%2C808&amp;ssl=1\" class=\"pg-glam-img\" alt=\"Esportes\" srcset=\"https:\/\/i0.wp.com\/worldpokerfederation.org\/wp-content\/uploads\/2026\/02\/Alberoni-Bill-Castro-Sports-at-the-World-Poker-Federation.webp?w=800&amp;ssl=1 800w, https:\/\/i0.wp.com\/worldpokerfederation.org\/wp-content\/uploads\/2026\/02\/Alberoni-Bill-Castro-Sports-at-the-World-Poker-Federation.webp?resize=297%2C300&amp;ssl=1 297w, https:\/\/i0.wp.com\/worldpokerfederation.org\/wp-content\/uploads\/2026\/02\/Alberoni-Bill-Castro-Sports-at-the-World-Poker-Federation.webp?resize=768%2C776&amp;ssl=1 768w, https:\/\/i0.wp.com\/worldpokerfederation.org\/wp-content\/uploads\/2026\/02\/Alberoni-Bill-Castro-Sports-at-the-World-Poker-Federation.webp?resize=12%2C12&amp;ssl=1 12w\" sizes=\"(max-width: 800px) 100vw, 800px\" \/>\t\t\t\t\t<\/div>\n\t\t\t\t\t<div class=\"pg-glam-content\">\n\t\t\t\t\t\t\t\t\t<div class=\"pg-glam-meta\" data-title=\"Alberoni Castro\">\n\t\t\t\t<span>Alberoni Castro<\/span>\n\t\t\t<\/div>\n\t\t\t\t\t\t<h3 class=\"pg-glam-title\" data-title=\"Sports\"><span>Esportes<\/span><\/h3>\t\t\t\t\t\t\t<\/div>\n\t\t\t\t\t\t\t\t\t\t\t\t<a href=\"https:\/\/worldpokerfederation.org\/pt\/sobre-a-federacao-mundial-de-poquer\/conselho-de-administracao\/bill-castro\/\" class=\"pg-open-lightbox\"><\/a>\n\t\t\t\t\t\t\t\t\t\t\t<\/div>\n\n\t\t\n\t\t<div class=\"pg-glam-item pg-item elementor-repeater-item-23973de\">\n\t\t\t\t\t\t\t\t<div class=\"pg-glam-image-wrap bdt-pg-img-mask\">\n\t\t\t<img loading=\"lazy\" decoding=\"async\" width=\"500\" height=\"500\" src=\"https:\/\/i0.wp.com\/worldpokerfederation.org\/wp-content\/uploads\/2025\/04\/Karina-Bupp-WPF-Member-Relations.webp?fit=500%2C500&amp;ssl=1\" class=\"pg-glam-img\" alt=\"Rela\u00e7\u00f5es com membros\" srcset=\"https:\/\/i0.wp.com\/worldpokerfederation.org\/wp-content\/uploads\/2025\/04\/Karina-Bupp-WPF-Member-Relations.webp?w=500&amp;ssl=1 500w, https:\/\/i0.wp.com\/worldpokerfederation.org\/wp-content\/uploads\/2025\/04\/Karina-Bupp-WPF-Member-Relations.webp?resize=300%2C300&amp;ssl=1 300w, https:\/\/i0.wp.com\/worldpokerfederation.org\/wp-content\/uploads\/2025\/04\/Karina-Bupp-WPF-Member-Relations.webp?resize=150%2C150&amp;ssl=1 150w, https:\/\/i0.wp.com\/worldpokerfederation.org\/wp-content\/uploads\/2025\/04\/Karina-Bupp-WPF-Member-Relations.webp?resize=12%2C12&amp;ssl=1 12w\" sizes=\"(max-width: 500px) 100vw, 500px\" \/>\t\t\t\t\t<\/div>\n\t\t\t\t\t<div class=\"pg-glam-content\">\n\t\t\t\t\t\t\t\t\t<div class=\"pg-glam-meta\" data-title=\"Karina Bupp\">\n\t\t\t\t<span>Karina Bupp<\/span>\n\t\t\t<\/div>\n\t\t\t\t\t\t<h3 class=\"pg-glam-title\" data-title=\"Member Relations\"><span>Rela\u00e7\u00f5es com membros<\/span><\/h3>\t\t\t\t\t\t\t<\/div>\n\t\t\t\t\t\t\t\t\t\t\t\t<a href=\"https:\/\/worldpokerfederation.org\/pt\/sobre-a-federacao-mundial-de-poquer\/conselho-de-administracao\/karina-bupp\/\" class=\"pg-open-lightbox\"><\/a>\n\t\t\t\t\t\t\t\t\t\t\t<\/div>\n\n\t\t\t\t<\/div>\n\t\t\t\t<\/div>\n\t\t\t\t<\/div>\n\t\t\t\t\t<\/div>\n\t\t\t\t<\/div>\n\t\t\t\t<\/div>","protected":false},"excerpt":{"rendered":"<p>Diretoria da WPF Unida por um prop\u00f3sito: lutar pelo poker e por tudo o que ele representa. Igor Trafane Presidente Leonardo Cavarge CEO Roberto Lifschitz Gerente de Marketing Ueltom Lima Rela\u00e7\u00f5es P\u00fablicas Alberoni Castro Esportes Karina Bupp Rela\u00e7\u00f5es com Membros<\/p>","protected":false},"author":173886969,"featured_media":25857,"parent":11601,"menu_order":0,"comment_status":"closed","ping_status":"closed","template":"","meta":{"_coblocks_attr":"","_coblocks_dimensions":"","_coblocks_responsive_height":"","_coblocks_accordion_ie_support":"","_crdt_document":"","footnotes":"","_links_to":"","_links_to_target":""},"class_list":["post-9317","page","type-page","status-publish","has-post-thumbnail","hentry"],"blocksy_meta":[],"yoast_head":"<!-- This site is optimized with the Yoast SEO plugin v27.4 - https:\/\/yoast.com\/product\/yoast-seo-wordpress\/ -->\n<title>Management Board<\/title>\n<meta name=\"description\" content=\"Meet the dedicated members of WPF&#039;s Management Board, leading the way in shaping the future of poker excellence worldwide.\" \/>\n<meta name=\"robots\" content=\"index, follow, max-snippet:-1, max-image-preview:large, max-video-preview:-1\" \/>\n<link rel=\"canonical\" href=\"https:\/\/worldpokerfederation.org\/pt\/sobre-a-federacao-mundial-de-poquer\/conselho-de-administracao\/\" \/>\n<meta property=\"og:locale\" content=\"pt_BR\" \/>\n<meta property=\"og:type\" content=\"article\" \/>\n<meta property=\"og:title\" content=\"Management Board\" \/>\n<meta property=\"og:description\" content=\"Meet the dedicated members of WPF&#039;s Management Board, leading the way in shaping the future of poker excellence worldwide.\" \/>\n<meta property=\"og:url\" content=\"https:\/\/worldpokerfederation.org\/pt\/sobre-a-federacao-mundial-de-poquer\/conselho-de-administracao\/\" \/>\n<meta property=\"og:site_name\" content=\"World Poker Federation\" \/>\n<meta property=\"article:publisher\" content=\"https:\/\/www.facebook.com\/worldpokerfederation.oficial\/\" \/>\n<meta property=\"article:modified_time\" content=\"2026-02-27T20:13:19+00:00\" \/>\n<meta property=\"og:image\" content=\"https:\/\/worldpokerfederation.org\/wp-content\/uploads\/2026\/02\/World-Poker-Federation-WPF-Management-Board.webp\" \/>\n\t<meta property=\"og:image:width\" content=\"1500\" \/>\n\t<meta property=\"og:image:height\" content=\"1000\" \/>\n\t<meta property=\"og:image:type\" content=\"image\/webp\" \/>\n<meta name=\"twitter:card\" content=\"summary_large_image\" \/>\n<meta name=\"twitter:site\" content=\"@wpf_poker\" \/>\n<script type=\"application\/ld+json\" class=\"yoast-schema-graph\">{\"@context\":\"https:\\\/\\\/schema.org\",\"@graph\":[{\"@type\":\"WebPage\",\"@id\":\"https:\\\/\\\/worldpokerfederation.org\\\/about-the-world-poker-federation\\\/management-board\\\/\",\"url\":\"https:\\\/\\\/worldpokerfederation.org\\\/about-the-world-poker-federation\\\/management-board\\\/\",\"name\":\"Management Board\",\"isPartOf\":{\"@id\":\"https:\\\/\\\/worldpokerfederation.org\\\/#website\"},\"primaryImageOfPage\":{\"@id\":\"https:\\\/\\\/worldpokerfederation.org\\\/about-the-world-poker-federation\\\/management-board\\\/#primaryimage\"},\"image\":{\"@id\":\"https:\\\/\\\/worldpokerfederation.org\\\/about-the-world-poker-federation\\\/management-board\\\/#primaryimage\"},\"thumbnailUrl\":\"https:\\\/\\\/i0.wp.com\\\/worldpokerfederation.org\\\/wp-content\\\/uploads\\\/2026\\\/02\\\/World-Poker-Federation-WPF-Management-Board.webp?fit=1500%2C1000&ssl=1\",\"datePublished\":\"2023-09-18T19:13:07+00:00\",\"dateModified\":\"2026-02-27T20:13:19+00:00\",\"description\":\"Meet the dedicated members of WPF's Management Board, leading the way in shaping the future of poker excellence worldwide.\",\"breadcrumb\":{\"@id\":\"https:\\\/\\\/worldpokerfederation.org\\\/about-the-world-poker-federation\\\/management-board\\\/#breadcrumb\"},\"inLanguage\":\"pt-BR\",\"potentialAction\":[{\"@type\":\"ReadAction\",\"target\":[\"https:\\\/\\\/worldpokerfederation.org\\\/about-the-world-poker-federation\\\/management-board\\\/\"]}]},{\"@type\":\"ImageObject\",\"inLanguage\":\"pt-BR\",\"@id\":\"https:\\\/\\\/worldpokerfederation.org\\\/about-the-world-poker-federation\\\/management-board\\\/#primaryimage\",\"url\":\"https:\\\/\\\/i0.wp.com\\\/worldpokerfederation.org\\\/wp-content\\\/uploads\\\/2026\\\/02\\\/World-Poker-Federation-WPF-Management-Board.webp?fit=1500%2C1000&ssl=1\",\"contentUrl\":\"https:\\\/\\\/i0.wp.com\\\/worldpokerfederation.org\\\/wp-content\\\/uploads\\\/2026\\\/02\\\/World-Poker-Federation-WPF-Management-Board.webp?fit=1500%2C1000&ssl=1\",\"width\":1500,\"height\":1000,\"caption\":\"World Poker Federation (WPF) Management Board\"},{\"@type\":\"BreadcrumbList\",\"@id\":\"https:\\\/\\\/worldpokerfederation.org\\\/about-the-world-poker-federation\\\/management-board\\\/#breadcrumb\",\"itemListElement\":[{\"@type\":\"ListItem\",\"position\":1,\"name\":\"Home\",\"item\":\"https:\\\/\\\/worldpokerfederation.org\\\/\"},{\"@type\":\"ListItem\",\"position\":2,\"name\":\"About the World Poker Federation\",\"item\":\"https:\\\/\\\/worldpokerfederation.org\\\/about-the-world-poker-federation\\\/\"},{\"@type\":\"ListItem\",\"position\":3,\"name\":\"Management Board\"}]},{\"@type\":\"WebSite\",\"@id\":\"https:\\\/\\\/worldpokerfederation.org\\\/#website\",\"url\":\"https:\\\/\\\/worldpokerfederation.org\\\/\",\"name\":\"World Poker Federation\",\"description\":\"Shaping the Future of Poker\",\"publisher\":{\"@id\":\"https:\\\/\\\/worldpokerfederation.org\\\/#organization\"},\"potentialAction\":[{\"@type\":\"SearchAction\",\"target\":{\"@type\":\"EntryPoint\",\"urlTemplate\":\"https:\\\/\\\/worldpokerfederation.org\\\/?s={search_term_string}\"},\"query-input\":{\"@type\":\"PropertyValueSpecification\",\"valueRequired\":true,\"valueName\":\"search_term_string\"}}],\"inLanguage\":\"pt-BR\"},{\"@type\":\"Organization\",\"@id\":\"https:\\\/\\\/worldpokerfederation.org\\\/#organization\",\"name\":\"World Poker Federation\",\"alternateName\":\"WPF\",\"url\":\"https:\\\/\\\/worldpokerfederation.org\\\/\",\"logo\":{\"@type\":\"ImageObject\",\"inLanguage\":\"pt-BR\",\"@id\":\"https:\\\/\\\/worldpokerfederation.org\\\/#\\\/schema\\\/logo\\\/image\\\/\",\"url\":\"https:\\\/\\\/i0.wp.com\\\/worldpokerfederation.org\\\/wp-content\\\/uploads\\\/2022\\\/12\\\/WPF-World-Poker-Federation-Featured-Image.png?fit=1200%2C628&ssl=1\",\"contentUrl\":\"https:\\\/\\\/i0.wp.com\\\/worldpokerfederation.org\\\/wp-content\\\/uploads\\\/2022\\\/12\\\/WPF-World-Poker-Federation-Featured-Image.png?fit=1200%2C628&ssl=1\",\"width\":1200,\"height\":628,\"caption\":\"World Poker Federation\"},\"image\":{\"@id\":\"https:\\\/\\\/worldpokerfederation.org\\\/#\\\/schema\\\/logo\\\/image\\\/\"},\"sameAs\":[\"https:\\\/\\\/www.facebook.com\\\/worldpokerfederation.oficial\\\/\",\"https:\\\/\\\/x.com\\\/wpf_poker\",\"https:\\\/\\\/www.instagram.com\\\/worldpokerfederation\\\/\",\"https:\\\/\\\/www.linkedin.com\\\/company\\\/world-poker-federation\",\"https:\\\/\\\/www.youtube.com\\\/@worldpokerfederation\"]}]}<\/script>\n<!-- \/ Yoast SEO plugin. -->","yoast_head_json":{"title":"Conselho Administrativo","description":"Conhe\u00e7a os dedicados membros do Conselho de Administra\u00e7\u00e3o do WPF, que lideram o caminho para moldar o futuro da excel\u00eancia no p\u00f4quer em todo o mundo.","robots":{"index":"index","follow":"follow","max-snippet":"max-snippet:-1","max-image-preview":"max-image-preview:large","max-video-preview":"max-video-preview:-1"},"canonical":"https:\/\/worldpokerfederation.org\/pt\/sobre-a-federacao-mundial-de-poquer\/conselho-de-administracao\/","og_locale":"pt_BR","og_type":"article","og_title":"Management Board","og_description":"Meet the dedicated members of WPF's Management Board, leading the way in shaping the future of poker excellence worldwide.","og_url":"https:\/\/worldpokerfederation.org\/pt\/sobre-a-federacao-mundial-de-poquer\/conselho-de-administracao\/","og_site_name":"World Poker Federation","article_publisher":"https:\/\/www.facebook.com\/worldpokerfederation.oficial\/","article_modified_time":"2026-02-27T20:13:19+00:00","og_image":[{"width":1500,"height":1000,"url":"https:\/\/worldpokerfederation.org\/wp-content\/uploads\/2026\/02\/World-Poker-Federation-WPF-Management-Board.webp","type":"image\/webp"}],"twitter_card":"summary_large_image","twitter_site":"@wpf_poker","schema":{"@context":"https:\/\/schema.org","@graph":[{"@type":"WebPage","@id":"https:\/\/worldpokerfederation.org\/about-the-world-poker-federation\/management-board\/","url":"https:\/\/worldpokerfederation.org\/about-the-world-poker-federation\/management-board\/","name":"Conselho Administrativo","isPartOf":{"@id":"https:\/\/worldpokerfederation.org\/#website"},"primaryImageOfPage":{"@id":"https:\/\/worldpokerfederation.org\/about-the-world-poker-federation\/management-board\/#primaryimage"},"image":{"@id":"https:\/\/worldpokerfederation.org\/about-the-world-poker-federation\/management-board\/#primaryimage"},"thumbnailUrl":"https:\/\/i0.wp.com\/worldpokerfederation.org\/wp-content\/uploads\/2026\/02\/World-Poker-Federation-WPF-Management-Board.webp?fit=1500%2C1000&ssl=1","datePublished":"2023-09-18T19:13:07+00:00","dateModified":"2026-02-27T20:13:19+00:00","description":"Conhe\u00e7a os dedicados membros do Conselho de Administra\u00e7\u00e3o do WPF, que lideram o caminho para moldar o futuro da excel\u00eancia no p\u00f4quer em todo o mundo.","breadcrumb":{"@id":"https:\/\/worldpokerfederation.org\/about-the-world-poker-federation\/management-board\/#breadcrumb"},"inLanguage":"pt-BR","potentialAction":[{"@type":"ReadAction","target":["https:\/\/worldpokerfederation.org\/about-the-world-poker-federation\/management-board\/"]}]},{"@type":"ImageObject","inLanguage":"pt-BR","@id":"https:\/\/worldpokerfederation.org\/about-the-world-poker-federation\/management-board\/#primaryimage","url":"https:\/\/i0.wp.com\/worldpokerfederation.org\/wp-content\/uploads\/2026\/02\/World-Poker-Federation-WPF-Management-Board.webp?fit=1500%2C1000&ssl=1","contentUrl":"https:\/\/i0.wp.com\/worldpokerfederation.org\/wp-content\/uploads\/2026\/02\/World-Poker-Federation-WPF-Management-Board.webp?fit=1500%2C1000&ssl=1","width":1500,"height":1000,"caption":"World Poker Federation (WPF) Management Board"},{"@type":"BreadcrumbList","@id":"https:\/\/worldpokerfederation.org\/about-the-world-poker-federation\/management-board\/#breadcrumb","itemListElement":[{"@type":"ListItem","position":1,"name":"Home","item":"https:\/\/worldpokerfederation.org\/"},{"@type":"ListItem","position":2,"name":"About the World Poker Federation","item":"https:\/\/worldpokerfederation.org\/about-the-world-poker-federation\/"},{"@type":"ListItem","position":3,"name":"Management Board"}]},{"@type":"WebSite","@id":"https:\/\/worldpokerfederation.org\/#website","url":"https:\/\/worldpokerfederation.org\/","name":"Federa\u00e7\u00e3o Mundial de Poker","description":"Moldando o Futuro do Poker","publisher":{"@id":"https:\/\/worldpokerfederation.org\/#organization"},"potentialAction":[{"@type":"SearchAction","target":{"@type":"EntryPoint","urlTemplate":"https:\/\/worldpokerfederation.org\/?s={search_term_string}"},"query-input":{"@type":"PropertyValueSpecification","valueRequired":true,"valueName":"search_term_string"}}],"inLanguage":"pt-BR"},{"@type":"Organization","@id":"https:\/\/worldpokerfederation.org\/#organization","name":"Federa\u00e7\u00e3o Mundial de Poker","alternateName":"WPF","url":"https:\/\/worldpokerfederation.org\/","logo":{"@type":"ImageObject","inLanguage":"pt-BR","@id":"https:\/\/worldpokerfederation.org\/#\/schema\/logo\/image\/","url":"https:\/\/i0.wp.com\/worldpokerfederation.org\/wp-content\/uploads\/2022\/12\/WPF-World-Poker-Federation-Featured-Image.png?fit=1200%2C628&ssl=1","contentUrl":"https:\/\/i0.wp.com\/worldpokerfederation.org\/wp-content\/uploads\/2022\/12\/WPF-World-Poker-Federation-Featured-Image.png?fit=1200%2C628&ssl=1","width":1200,"height":628,"caption":"World Poker Federation"},"image":{"@id":"https:\/\/worldpokerfederation.org\/#\/schema\/logo\/image\/"},"sameAs":["https:\/\/www.facebook.com\/worldpokerfederation.oficial\/","https:\/\/x.com\/wpf_poker","https:\/\/www.instagram.com\/worldpokerfederation\/","https:\/\/www.linkedin.com\/company\/world-poker-federation","https:\/\/www.youtube.com\/@worldpokerfederation"]}]}},"_links":{"self":[{"href":"https:\/\/worldpokerfederation.org\/pt\/wp-json\/wp\/v2\/pages\/9317","targetHints":{"allow":["GET"]}}],"collection":[{"href":"https:\/\/worldpokerfederation.org\/pt\/wp-json\/wp\/v2\/pages"}],"about":[{"href":"https:\/\/worldpokerfederation.org\/pt\/wp-json\/wp\/v2\/types\/page"}],"author":[{"embeddable":true,"href":"https:\/\/worldpokerfederation.org\/pt\/wp-json\/wp\/v2\/users\/173886969"}],"replies":[{"embeddable":true,"href":"https:\/\/worldpokerfederation.org\/pt\/wp-json\/wp\/v2\/comments?post=9317"}],"version-history":[{"count":55,"href":"https:\/\/worldpokerfederation.org\/pt\/wp-json\/wp\/v2\/pages\/9317\/revisions"}],"predecessor-version":[{"id":25974,"href":"https:\/\/worldpokerfederation.org\/pt\/wp-json\/wp\/v2\/pages\/9317\/revisions\/25974"}],"up":[{"embeddable":true,"href":"https:\/\/worldpokerfederation.org\/pt\/wp-json\/wp\/v2\/pages\/11601"}],"wp:featuredmedia":[{"embeddable":true,"href":"https:\/\/worldpokerfederation.org\/pt\/wp-json\/wp\/v2\/media\/25857"}],"wp:attachment":[{"href":"https:\/\/worldpokerfederation.org\/pt\/wp-json\/wp\/v2\/media?parent=9317"}],"curies":[{"name":"wp","href":"https:\/\/api.w.org\/{rel}","templated":true}]}}