{"id":25944,"date":"2026-02-27T16:30:01","date_gmt":"2026-02-27T19:30:01","guid":{"rendered":"https:\/\/worldpokerfederation.org\/?page_id=25944"},"modified":"2026-02-27T16:37:33","modified_gmt":"2026-02-27T19:37:33","slug":"ueltom-lima","status":"publish","type":"page","link":"https:\/\/worldpokerfederation.org\/pt\/sobre-a-federacao-mundial-de-poquer\/conselho-de-administracao\/ueltom-lima\/","title":{"rendered":"Ueltom Lima \u2013 Conselho de Administra\u00e7\u00e3o da WPF"},"content":{"rendered":"<div data-elementor-type=\"wp-page\" data-elementor-id=\"25944\" class=\"elementor elementor-25944\" data-elementor-post-type=\"page\">\n\t\t\t\t\t\t<section class=\"elementor-section elementor-top-section elementor-element elementor-element-2acf2ef7 elementor-section-height-min-height elementor-section-boxed elementor-section-height-default elementor-section-items-middle wpr-particle-no wpr-jarallax-no wpr-parallax-no wpr-sticky-section-no wpr-equal-height-no\" data-id=\"2acf2ef7\" data-element_type=\"section\" data-e-type=\"section\" data-settings=\"{&quot;background_background&quot;:&quot;classic&quot;}\">\n\t\t\t\t\t\t<div class=\"elementor-container elementor-column-gap-default\">\n\t\t\t\t\t<div class=\"elementor-column elementor-col-100 elementor-top-column elementor-element elementor-element-5f02f64f\" data-id=\"5f02f64f\" data-element_type=\"column\" data-e-type=\"column\">\n\t\t\t<div class=\"elementor-widget-wrap\">\n\t\t\t\t\t\t\t<\/div>\n\t\t<\/div>\n\t\t\t\t\t<\/div>\n\t\t<\/section>\n\t\t\t\t<section class=\"elementor-section elementor-top-section elementor-element elementor-element-165e43a elementor-section-boxed elementor-section-height-default elementor-section-height-default wpr-particle-no wpr-jarallax-no wpr-parallax-no wpr-sticky-section-no wpr-equal-height-no\" data-id=\"165e43a\" data-element_type=\"section\" data-e-type=\"section\">\n\t\t\t\t\t\t<div class=\"elementor-container elementor-column-gap-wider\">\n\t\t\t\t\t<div class=\"elementor-column elementor-col-33 elementor-top-column elementor-element elementor-element-5f0d8c1e\" data-id=\"5f0d8c1e\" data-element_type=\"column\" data-e-type=\"column\">\n\t\t\t<div class=\"elementor-widget-wrap elementor-element-populated\">\n\t\t\t\t\t\t<div class=\"elementor-element elementor-element-6dc7e264 elementor-widget elementor-widget-image\" data-id=\"6dc7e264\" data-element_type=\"widget\" data-e-type=\"widget\" data-widget_type=\"image.default\">\n\t\t\t\t<div class=\"elementor-widget-container\">\n\t\t\t\t\t\t\t\t\t\t\t\t\t\t\t<img fetchpriority=\"high\" decoding=\"async\" width=\"600\" height=\"600\" src=\"https:\/\/i0.wp.com\/worldpokerfederation.org\/wp-content\/uploads\/2026\/02\/Ueltom-Lima-Gomes-World-Poker-Federation-Web.webp?fit=600%2C600&amp;ssl=1\" class=\"attachment-large size-large wp-image-25946\" alt=\"Ueltom Lima - WPF Rela\u00e7\u00f5es P\u00fablicas\" srcset=\"https:\/\/i0.wp.com\/worldpokerfederation.org\/wp-content\/uploads\/2026\/02\/Ueltom-Lima-Gomes-World-Poker-Federation-Web.webp?w=600&amp;ssl=1 600w, https:\/\/i0.wp.com\/worldpokerfederation.org\/wp-content\/uploads\/2026\/02\/Ueltom-Lima-Gomes-World-Poker-Federation-Web.webp?resize=300%2C300&amp;ssl=1 300w, https:\/\/i0.wp.com\/worldpokerfederation.org\/wp-content\/uploads\/2026\/02\/Ueltom-Lima-Gomes-World-Poker-Federation-Web.webp?resize=150%2C150&amp;ssl=1 150w, https:\/\/i0.wp.com\/worldpokerfederation.org\/wp-content\/uploads\/2026\/02\/Ueltom-Lima-Gomes-World-Poker-Federation-Web.webp?resize=12%2C12&amp;ssl=1 12w\" sizes=\"(max-width: 600px) 100vw, 600px\" \/>\t\t\t\t\t\t\t\t\t\t\t\t\t\t\t<\/div>\n\t\t\t\t<\/div>\n\t\t\t\t\t<\/div>\n\t\t<\/div>\n\t\t\t\t<div class=\"elementor-column elementor-col-66 elementor-top-column elementor-element elementor-element-1cdfca32\" data-id=\"1cdfca32\" data-element_type=\"column\" data-e-type=\"column\">\n\t\t\t<div class=\"elementor-widget-wrap elementor-element-populated\">\n\t\t\t\t\t\t<div class=\"elementor-element elementor-element-55e003a4 elementor-widget elementor-widget-heading\" data-id=\"55e003a4\" data-element_type=\"widget\" data-e-type=\"widget\" data-widget_type=\"heading.default\">\n\t\t\t\t<div class=\"elementor-widget-container\">\n\t\t\t\t\t<h2 class=\"elementor-heading-title elementor-size-default\">Ueltom Lima<\/h2>\t\t\t\t<\/div>\n\t\t\t\t<\/div>\n\t\t\t\t<div class=\"elementor-element elementor-element-48b90c8b elementor-widget elementor-widget-heading\" data-id=\"48b90c8b\" data-element_type=\"widget\" data-e-type=\"widget\" data-widget_type=\"heading.default\">\n\t\t\t\t<div class=\"elementor-widget-container\">\n\t\t\t\t\t<h4 class=\"elementor-heading-title elementor-size-default\">Rela\u00e7\u00f5es P\u00fablicas<\/h4>\t\t\t\t<\/div>\n\t\t\t\t<\/div>\n\t\t\t\t<div class=\"elementor-element elementor-element-6f2565c2 elementor-widget elementor-widget-text-editor\" data-id=\"6f2565c2\" data-element_type=\"widget\" data-e-type=\"widget\" data-widget_type=\"text-editor.default\">\n\t\t\t\t<div class=\"elementor-widget-container\">\n\t\t\t\t\t\t\t\t\t<p data-pm-slice=\"0 0 []\">Ueltom Lima \u00e9 respons\u00e1vel pelas Rela\u00e7\u00f5es P\u00fablicas da Federa\u00e7\u00e3o Mundial de Poker, fortalecendo a comunica\u00e7\u00e3o global e representando a poker em todo o mundo.<\/p><p>Na WPF, Ueltom \u00e9 respons\u00e1vel por moldar o posicionamento p\u00fablico da Federa\u00e7\u00e3o e garantir que sua voz seja claramente representada nos mercados internacionais. Seu trabalho conecta mensagens institucionais, rela\u00e7\u00f5es com a m\u00eddia e di\u00e1logo estrat\u00e9gico, refor\u00e7ando a miss\u00e3o da WPF de lutar pelo princ\u00edpio &quot;poker&quot; e defender sua comunidade global.<\/p><p>Ueltom traz consigo vasta experi\u00eancia em governan\u00e7a e lideran\u00e7a institucional no formato poker. Ele atuou por oito anos como Presidente da Confedera\u00e7\u00e3o Brasileira de Texas Hold&#039;em (CBTH), desempenhando um papel central no desenvolvimento e consolida\u00e7\u00e3o do poker organizado no Brasil. Sua lideran\u00e7a ajudou a fortalecer a estrutura nacional do jogo e contribuiu para a base de uma coordena\u00e7\u00e3o internacional mais ampla.<\/p><p>Al\u00e9m de seu trabalho institucional, Ueltom \u00e9 empreendedor e CEO do Grupo H2, um dos principais grupos de entretenimento e jogos do Brasil. Essa combina\u00e7\u00e3o de experi\u00eancia em governan\u00e7a e lideran\u00e7a empresarial fortalece a capacidade da WPF de engajar as partes interessadas com credibilidade, clareza e vis\u00e3o de longo prazo.<\/p><p>Seu longo envolvimento no setor refor\u00e7a a capacidade da WPF de se comunicar com autoridade e consist\u00eancia, apoiando a miss\u00e3o cont\u00ednua da Federa\u00e7\u00e3o de lutar pelo modelo &quot;um para cada tr\u00eas&quot; (poker) em todo o mundo.<\/p>\t\t\t\t\t\t\t\t<\/div>\n\t\t\t\t<\/div>\n\t\t\t\t\t<\/div>\n\t\t<\/div>\n\t\t\t\t\t<\/div>\n\t\t<\/section>\n\t\t\t\t<section class=\"elementor-section elementor-top-section elementor-element elementor-element-42164458 elementor-section-height-min-height elementor-section-boxed elementor-section-height-default elementor-section-items-middle wpr-particle-no wpr-jarallax-no wpr-parallax-no wpr-sticky-section-no wpr-equal-height-no\" data-id=\"42164458\" data-element_type=\"section\" data-e-type=\"section\" data-settings=\"{&quot;background_background&quot;:&quot;classic&quot;}\">\n\t\t\t\t\t\t\t<div class=\"elementor-background-overlay\"><\/div>\n\t\t\t\t\t\t\t<div class=\"elementor-container elementor-column-gap-default\">\n\t\t\t\t\t<div class=\"elementor-column elementor-col-100 elementor-top-column elementor-element elementor-element-19e098f7\" data-id=\"19e098f7\" data-element_type=\"column\" data-e-type=\"column\">\n\t\t\t<div class=\"elementor-widget-wrap elementor-element-populated\">\n\t\t\t\t\t\t<div class=\"elementor-element elementor-element-7a8f4d10 elementor-widget elementor-widget-text-editor\" data-id=\"7a8f4d10\" data-element_type=\"widget\" data-e-type=\"widget\" data-widget_type=\"text-editor.default\">\n\t\t\t\t<div class=\"elementor-widget-container\">\n\t\t\t\t\t\t\t\t\t<p>Conselho de Administra\u00e7\u00e3o da WPF<\/p>\t\t\t\t\t\t\t\t<\/div>\n\t\t\t\t<\/div>\n\t\t\t\t<div class=\"elementor-element elementor-element-36ff228f elementor-widget elementor-widget-text-editor\" data-id=\"36ff228f\" data-element_type=\"widget\" data-e-type=\"widget\" data-widget_type=\"text-editor.default\">\n\t\t\t\t<div class=\"elementor-widget-container\">\n\t\t\t\t\t\t\t\t\t<p>Unidos por um prop\u00f3sito: lutar pelo poker e por tudo o que ele representa.<\/p>\t\t\t\t\t\t\t\t<\/div>\n\t\t\t\t<\/div>\n\t\t\t\t<div class=\"elementor-element elementor-element-613f5deb elementor-tablet-align-center elementor-align-center elementor-widget elementor-widget-button\" data-id=\"613f5deb\" data-element_type=\"widget\" data-e-type=\"widget\" data-widget_type=\"button.default\">\n\t\t\t\t<div class=\"elementor-widget-container\">\n\t\t\t\t\t\t\t\t\t<div class=\"elementor-button-wrapper\">\n\t\t\t\t\t<a class=\"elementor-button elementor-button-link elementor-size-md elementor-animation-grow\" href=\"https:\/\/worldpokerfederation.org\/pt\/sobre-a-federacao-mundial-de-poquer\/conselho-de-administracao\/\">\n\t\t\t\t\t\t<span class=\"elementor-button-content-wrapper\">\n\t\t\t\t\t\t<span class=\"elementor-button-icon\">\n\t\t\t\t<i aria-hidden=\"true\" class=\"fas fa-arrow-alt-circle-right\"><\/i>\t\t\t<\/span>\n\t\t\t\t\t\t\t\t\t<span class=\"elementor-button-text\">Conhe\u00e7a o Conselho<\/span>\n\t\t\t\t\t<\/span>\n\t\t\t\t\t<\/a>\n\t\t\t\t<\/div>\n\t\t\t\t\t\t\t\t<\/div>\n\t\t\t\t<\/div>\n\t\t\t\t\t<\/div>\n\t\t<\/div>\n\t\t\t\t\t<\/div>\n\t\t<\/section>\n\t\t\t\t<\/div>","protected":false},"excerpt":{"rendered":"<p>Ueltom Lima Public Relations Ueltom Lima is Public Relations at the World Poker Federation, strengthening global communication and representing poker worldwide. At WPF, Ueltom is responsible for shaping the Federation\u2019s public positioning and ensuring that its voice is clearly represented across international markets. His work connects institutional messaging, media relations and strategic dialogue, reinforcing WPF\u2019s mission to fight for poker and defend its global community. Ueltom brings extensive experience in poker governance and institutional leadership. He served for eight years as President of the Confedera\u00e7\u00e3o Brasileira de Texas Hold\u2019em (CBTH), playing a central role in the development and consolidation of organized poker in Brazil. His leadership helped strengthen the national structure of the game and contributed to the foundation for broader international coordination. Beyond his institutional work, Ueltom is an entrepreneur and CEO at Grupo H2, one of Brazil\u2019s leading entertainment and gaming groups. This combination of governance experience and business leadership strengthens WPF\u2019s ability to engage stakeholders with credibility, clarity and long term vision. His longstanding involvement in the industry reinforces WPF\u2019s capacity to communicate with authority and consistency, supporting the Federation\u2019s ongoing mission to fight for poker worldwide. WPF Management Board United by one purpose: to fight for poker and everything it represents. Meet the Board<\/p>","protected":false},"author":173886969,"featured_media":25946,"parent":9317,"menu_order":0,"comment_status":"closed","ping_status":"closed","template":"","meta":{"_coblocks_attr":"","_coblocks_dimensions":"","_coblocks_responsive_height":"","_coblocks_accordion_ie_support":"","_crdt_document":"","footnotes":"","_links_to":"","_links_to_target":""},"class_list":["post-25944","page","type-page","status-publish","has-post-thumbnail","hentry"],"blocksy_meta":[],"yoast_head":"<!-- This site is optimized with the Yoast SEO plugin v27.4 - https:\/\/yoast.com\/product\/yoast-seo-wordpress\/ -->\n<title>Ueltom Lima - WPF Management Board<\/title>\n<meta name=\"description\" content=\"Meet Ueltom Lima, Public Relations of the World Poker Federation and former President of the Brazilian Poker Confederation.\" \/>\n<meta name=\"robots\" content=\"index, follow, max-snippet:-1, max-image-preview:large, max-video-preview:-1\" \/>\n<link rel=\"canonical\" href=\"https:\/\/worldpokerfederation.org\/pt\/sobre-a-federacao-mundial-de-poquer\/conselho-de-administracao\/ueltom-lima\/\" \/>\n<meta property=\"og:locale\" content=\"pt_BR\" \/>\n<meta property=\"og:type\" content=\"article\" \/>\n<meta property=\"og:title\" content=\"Ueltom Lima - Public Relations at the World Poker Federation\" \/>\n<meta property=\"og:description\" content=\"Meet Ueltom Lima, Public Relations of the World Poker Federation and former President of the Brazilian Poker Confederation.\" \/>\n<meta property=\"og:url\" content=\"https:\/\/worldpokerfederation.org\/pt\/sobre-a-federacao-mundial-de-poquer\/conselho-de-administracao\/ueltom-lima\/\" \/>\n<meta property=\"og:site_name\" content=\"World Poker Federation\" \/>\n<meta property=\"article:publisher\" content=\"https:\/\/www.facebook.com\/worldpokerfederation.oficial\/\" \/>\n<meta property=\"article:modified_time\" content=\"2026-02-27T19:37:33+00:00\" \/>\n<meta property=\"og:image\" content=\"https:\/\/worldpokerfederation.org\/wp-content\/uploads\/2026\/02\/Ueltom-Lima-Gomes-World-Poker-Federation-Web.webp\" \/>\n\t<meta property=\"og:image:width\" content=\"600\" \/>\n\t<meta property=\"og:image:height\" content=\"600\" \/>\n\t<meta property=\"og:image:type\" content=\"image\/webp\" \/>\n<meta name=\"twitter:card\" content=\"summary_large_image\" \/>\n<meta name=\"twitter:title\" content=\"Ueltom Lima - Public Relations at the World Poker Federation\" \/>\n<meta name=\"twitter:description\" content=\"Meet Ueltom Lima, Public Relations of the World Poker Federation and former President of the Brazilian Poker Confederation.\" \/>\n<meta name=\"twitter:image\" content=\"https:\/\/i0.wp.com\/worldpokerfederation.org\/wp-content\/uploads\/2026\/02\/Ueltom-Lima-Gomes-World-Poker-Federation-Web.webp?fit=600%2C600&ssl=1\" \/>\n<meta name=\"twitter:site\" content=\"@wpf_poker\" \/>\n<script type=\"application\/ld+json\" class=\"yoast-schema-graph\">{\"@context\":\"https:\\\/\\\/schema.org\",\"@graph\":[{\"@type\":\"WebPage\",\"@id\":\"https:\\\/\\\/worldpokerfederation.org\\\/about-the-world-poker-federation\\\/management-board\\\/ueltom-lima\\\/\",\"url\":\"https:\\\/\\\/worldpokerfederation.org\\\/about-the-world-poker-federation\\\/management-board\\\/ueltom-lima\\\/\",\"name\":\"Ueltom Lima - WPF Management Board\",\"isPartOf\":{\"@id\":\"https:\\\/\\\/worldpokerfederation.org\\\/#website\"},\"primaryImageOfPage\":{\"@id\":\"https:\\\/\\\/worldpokerfederation.org\\\/about-the-world-poker-federation\\\/management-board\\\/ueltom-lima\\\/#primaryimage\"},\"image\":{\"@id\":\"https:\\\/\\\/worldpokerfederation.org\\\/about-the-world-poker-federation\\\/management-board\\\/ueltom-lima\\\/#primaryimage\"},\"thumbnailUrl\":\"https:\\\/\\\/i0.wp.com\\\/worldpokerfederation.org\\\/wp-content\\\/uploads\\\/2026\\\/02\\\/Ueltom-Lima-Gomes-World-Poker-Federation-Web.webp?fit=600%2C600&ssl=1\",\"datePublished\":\"2026-02-27T19:30:01+00:00\",\"dateModified\":\"2026-02-27T19:37:33+00:00\",\"description\":\"Meet Ueltom Lima, Public Relations of the World Poker Federation and former President of the Brazilian Poker Confederation.\",\"breadcrumb\":{\"@id\":\"https:\\\/\\\/worldpokerfederation.org\\\/about-the-world-poker-federation\\\/management-board\\\/ueltom-lima\\\/#breadcrumb\"},\"inLanguage\":\"pt-BR\",\"potentialAction\":[{\"@type\":\"ReadAction\",\"target\":[\"https:\\\/\\\/worldpokerfederation.org\\\/about-the-world-poker-federation\\\/management-board\\\/ueltom-lima\\\/\"]}]},{\"@type\":\"ImageObject\",\"inLanguage\":\"pt-BR\",\"@id\":\"https:\\\/\\\/worldpokerfederation.org\\\/about-the-world-poker-federation\\\/management-board\\\/ueltom-lima\\\/#primaryimage\",\"url\":\"https:\\\/\\\/i0.wp.com\\\/worldpokerfederation.org\\\/wp-content\\\/uploads\\\/2026\\\/02\\\/Ueltom-Lima-Gomes-World-Poker-Federation-Web.webp?fit=600%2C600&ssl=1\",\"contentUrl\":\"https:\\\/\\\/i0.wp.com\\\/worldpokerfederation.org\\\/wp-content\\\/uploads\\\/2026\\\/02\\\/Ueltom-Lima-Gomes-World-Poker-Federation-Web.webp?fit=600%2C600&ssl=1\",\"width\":600,\"height\":600,\"caption\":\"Ueltom Lima - WPF Public Relations\"},{\"@type\":\"BreadcrumbList\",\"@id\":\"https:\\\/\\\/worldpokerfederation.org\\\/about-the-world-poker-federation\\\/management-board\\\/ueltom-lima\\\/#breadcrumb\",\"itemListElement\":[{\"@type\":\"ListItem\",\"position\":1,\"name\":\"Home\",\"item\":\"https:\\\/\\\/worldpokerfederation.org\\\/\"},{\"@type\":\"ListItem\",\"position\":2,\"name\":\"About the World Poker Federation\",\"item\":\"https:\\\/\\\/worldpokerfederation.org\\\/about-the-world-poker-federation\\\/\"},{\"@type\":\"ListItem\",\"position\":3,\"name\":\"Management Board\",\"item\":\"https:\\\/\\\/worldpokerfederation.org\\\/about-the-world-poker-federation\\\/management-board\\\/\"},{\"@type\":\"ListItem\",\"position\":4,\"name\":\"Ueltom Lima &#8211; WPF Management Board\"}]},{\"@type\":\"WebSite\",\"@id\":\"https:\\\/\\\/worldpokerfederation.org\\\/#website\",\"url\":\"https:\\\/\\\/worldpokerfederation.org\\\/\",\"name\":\"World Poker Federation\",\"description\":\"Shaping the Future of Poker\",\"publisher\":{\"@id\":\"https:\\\/\\\/worldpokerfederation.org\\\/#organization\"},\"potentialAction\":[{\"@type\":\"SearchAction\",\"target\":{\"@type\":\"EntryPoint\",\"urlTemplate\":\"https:\\\/\\\/worldpokerfederation.org\\\/?s={search_term_string}\"},\"query-input\":{\"@type\":\"PropertyValueSpecification\",\"valueRequired\":true,\"valueName\":\"search_term_string\"}}],\"inLanguage\":\"pt-BR\"},{\"@type\":\"Organization\",\"@id\":\"https:\\\/\\\/worldpokerfederation.org\\\/#organization\",\"name\":\"World Poker Federation\",\"alternateName\":\"WPF\",\"url\":\"https:\\\/\\\/worldpokerfederation.org\\\/\",\"logo\":{\"@type\":\"ImageObject\",\"inLanguage\":\"pt-BR\",\"@id\":\"https:\\\/\\\/worldpokerfederation.org\\\/#\\\/schema\\\/logo\\\/image\\\/\",\"url\":\"https:\\\/\\\/i0.wp.com\\\/worldpokerfederation.org\\\/wp-content\\\/uploads\\\/2022\\\/12\\\/WPF-World-Poker-Federation-Featured-Image.png?fit=1200%2C628&ssl=1\",\"contentUrl\":\"https:\\\/\\\/i0.wp.com\\\/worldpokerfederation.org\\\/wp-content\\\/uploads\\\/2022\\\/12\\\/WPF-World-Poker-Federation-Featured-Image.png?fit=1200%2C628&ssl=1\",\"width\":1200,\"height\":628,\"caption\":\"World Poker Federation\"},\"image\":{\"@id\":\"https:\\\/\\\/worldpokerfederation.org\\\/#\\\/schema\\\/logo\\\/image\\\/\"},\"sameAs\":[\"https:\\\/\\\/www.facebook.com\\\/worldpokerfederation.oficial\\\/\",\"https:\\\/\\\/x.com\\\/wpf_poker\",\"https:\\\/\\\/www.instagram.com\\\/worldpokerfederation\\\/\",\"https:\\\/\\\/www.linkedin.com\\\/company\\\/world-poker-federation\",\"https:\\\/\\\/www.youtube.com\\\/@worldpokerfederation\"]}]}<\/script>\n<!-- \/ Yoast SEO plugin. -->","yoast_head_json":{"title":"Ueltom Lima - Conselho de Administra\u00e7\u00e3o da WPF","description":"Conhe\u00e7a Ueltom Lima, Rela\u00e7\u00f5es P\u00fablicas da Federa\u00e7\u00e3o Mundial de Poker e ex-presidente da Confedera\u00e7\u00e3o Brasileira de Poker.","robots":{"index":"index","follow":"follow","max-snippet":"max-snippet:-1","max-image-preview":"max-image-preview:large","max-video-preview":"max-video-preview:-1"},"canonical":"https:\/\/worldpokerfederation.org\/pt\/sobre-a-federacao-mundial-de-poquer\/conselho-de-administracao\/ueltom-lima\/","og_locale":"pt_BR","og_type":"article","og_title":"Ueltom Lima - Public Relations at the World Poker Federation","og_description":"Meet Ueltom Lima, Public Relations of the World Poker Federation and former President of the Brazilian Poker Confederation.","og_url":"https:\/\/worldpokerfederation.org\/pt\/sobre-a-federacao-mundial-de-poquer\/conselho-de-administracao\/ueltom-lima\/","og_site_name":"World Poker Federation","article_publisher":"https:\/\/www.facebook.com\/worldpokerfederation.oficial\/","article_modified_time":"2026-02-27T19:37:33+00:00","og_image":[{"width":600,"height":600,"url":"https:\/\/worldpokerfederation.org\/wp-content\/uploads\/2026\/02\/Ueltom-Lima-Gomes-World-Poker-Federation-Web.webp","type":"image\/webp"}],"twitter_card":"summary_large_image","twitter_title":"Ueltom Lima - Public Relations at the World Poker Federation","twitter_description":"Meet Ueltom Lima, Public Relations of the World Poker Federation and former President of the Brazilian Poker Confederation.","twitter_image":"https:\/\/i0.wp.com\/worldpokerfederation.org\/wp-content\/uploads\/2026\/02\/Ueltom-Lima-Gomes-World-Poker-Federation-Web.webp?fit=600%2C600&ssl=1","twitter_site":"@wpf_poker","schema":{"@context":"https:\/\/schema.org","@graph":[{"@type":"WebPage","@id":"https:\/\/worldpokerfederation.org\/about-the-world-poker-federation\/management-board\/ueltom-lima\/","url":"https:\/\/worldpokerfederation.org\/about-the-world-poker-federation\/management-board\/ueltom-lima\/","name":"Ueltom Lima - Conselho de Administra\u00e7\u00e3o da WPF","isPartOf":{"@id":"https:\/\/worldpokerfederation.org\/#website"},"primaryImageOfPage":{"@id":"https:\/\/worldpokerfederation.org\/about-the-world-poker-federation\/management-board\/ueltom-lima\/#primaryimage"},"image":{"@id":"https:\/\/worldpokerfederation.org\/about-the-world-poker-federation\/management-board\/ueltom-lima\/#primaryimage"},"thumbnailUrl":"https:\/\/i0.wp.com\/worldpokerfederation.org\/wp-content\/uploads\/2026\/02\/Ueltom-Lima-Gomes-World-Poker-Federation-Web.webp?fit=600%2C600&ssl=1","datePublished":"2026-02-27T19:30:01+00:00","dateModified":"2026-02-27T19:37:33+00:00","description":"Conhe\u00e7a Ueltom Lima, Rela\u00e7\u00f5es P\u00fablicas da Federa\u00e7\u00e3o Mundial de Poker e ex-presidente da Confedera\u00e7\u00e3o Brasileira de Poker.","breadcrumb":{"@id":"https:\/\/worldpokerfederation.org\/about-the-world-poker-federation\/management-board\/ueltom-lima\/#breadcrumb"},"inLanguage":"pt-BR","potentialAction":[{"@type":"ReadAction","target":["https:\/\/worldpokerfederation.org\/about-the-world-poker-federation\/management-board\/ueltom-lima\/"]}]},{"@type":"ImageObject","inLanguage":"pt-BR","@id":"https:\/\/worldpokerfederation.org\/about-the-world-poker-federation\/management-board\/ueltom-lima\/#primaryimage","url":"https:\/\/i0.wp.com\/worldpokerfederation.org\/wp-content\/uploads\/2026\/02\/Ueltom-Lima-Gomes-World-Poker-Federation-Web.webp?fit=600%2C600&ssl=1","contentUrl":"https:\/\/i0.wp.com\/worldpokerfederation.org\/wp-content\/uploads\/2026\/02\/Ueltom-Lima-Gomes-World-Poker-Federation-Web.webp?fit=600%2C600&ssl=1","width":600,"height":600,"caption":"Ueltom Lima - WPF Public Relations"},{"@type":"BreadcrumbList","@id":"https:\/\/worldpokerfederation.org\/about-the-world-poker-federation\/management-board\/ueltom-lima\/#breadcrumb","itemListElement":[{"@type":"ListItem","position":1,"name":"Home","item":"https:\/\/worldpokerfederation.org\/"},{"@type":"ListItem","position":2,"name":"About the World Poker Federation","item":"https:\/\/worldpokerfederation.org\/about-the-world-poker-federation\/"},{"@type":"ListItem","position":3,"name":"Management Board","item":"https:\/\/worldpokerfederation.org\/about-the-world-poker-federation\/management-board\/"},{"@type":"ListItem","position":4,"name":"Ueltom Lima &#8211; WPF Management Board"}]},{"@type":"WebSite","@id":"https:\/\/worldpokerfederation.org\/#website","url":"https:\/\/worldpokerfederation.org\/","name":"Federa\u00e7\u00e3o Mundial de Poker","description":"Moldando o Futuro do Poker","publisher":{"@id":"https:\/\/worldpokerfederation.org\/#organization"},"potentialAction":[{"@type":"SearchAction","target":{"@type":"EntryPoint","urlTemplate":"https:\/\/worldpokerfederation.org\/?s={search_term_string}"},"query-input":{"@type":"PropertyValueSpecification","valueRequired":true,"valueName":"search_term_string"}}],"inLanguage":"pt-BR"},{"@type":"Organization","@id":"https:\/\/worldpokerfederation.org\/#organization","name":"Federa\u00e7\u00e3o Mundial de Poker","alternateName":"WPF","url":"https:\/\/worldpokerfederation.org\/","logo":{"@type":"ImageObject","inLanguage":"pt-BR","@id":"https:\/\/worldpokerfederation.org\/#\/schema\/logo\/image\/","url":"https:\/\/i0.wp.com\/worldpokerfederation.org\/wp-content\/uploads\/2022\/12\/WPF-World-Poker-Federation-Featured-Image.png?fit=1200%2C628&ssl=1","contentUrl":"https:\/\/i0.wp.com\/worldpokerfederation.org\/wp-content\/uploads\/2022\/12\/WPF-World-Poker-Federation-Featured-Image.png?fit=1200%2C628&ssl=1","width":1200,"height":628,"caption":"World Poker Federation"},"image":{"@id":"https:\/\/worldpokerfederation.org\/#\/schema\/logo\/image\/"},"sameAs":["https:\/\/www.facebook.com\/worldpokerfederation.oficial\/","https:\/\/x.com\/wpf_poker","https:\/\/www.instagram.com\/worldpokerfederation\/","https:\/\/www.linkedin.com\/company\/world-poker-federation","https:\/\/www.youtube.com\/@worldpokerfederation"]}]}},"_links":{"self":[{"href":"https:\/\/worldpokerfederation.org\/pt\/wp-json\/wp\/v2\/pages\/25944","targetHints":{"allow":["GET"]}}],"collection":[{"href":"https:\/\/worldpokerfederation.org\/pt\/wp-json\/wp\/v2\/pages"}],"about":[{"href":"https:\/\/worldpokerfederation.org\/pt\/wp-json\/wp\/v2\/types\/page"}],"author":[{"embeddable":true,"href":"https:\/\/worldpokerfederation.org\/pt\/wp-json\/wp\/v2\/users\/173886969"}],"replies":[{"embeddable":true,"href":"https:\/\/worldpokerfederation.org\/pt\/wp-json\/wp\/v2\/comments?post=25944"}],"version-history":[{"count":6,"href":"https:\/\/worldpokerfederation.org\/pt\/wp-json\/wp\/v2\/pages\/25944\/revisions"}],"predecessor-version":[{"id":25961,"href":"https:\/\/worldpokerfederation.org\/pt\/wp-json\/wp\/v2\/pages\/25944\/revisions\/25961"}],"up":[{"embeddable":true,"href":"https:\/\/worldpokerfederation.org\/pt\/wp-json\/wp\/v2\/pages\/9317"}],"wp:featuredmedia":[{"embeddable":true,"href":"https:\/\/worldpokerfederation.org\/pt\/wp-json\/wp\/v2\/media\/25946"}],"wp:attachment":[{"href":"https:\/\/worldpokerfederation.org\/pt\/wp-json\/wp\/v2\/media?parent=25944"}],"curies":[{"name":"wp","href":"https:\/\/api.w.org\/{rel}","templated":true}]}}