{"id":24098,"date":"2025-09-11T18:19:14","date_gmt":"2025-09-11T21:19:14","guid":{"rendered":"https:\/\/worldpokerfederation.org\/?page_id=24098"},"modified":"2025-09-12T08:02:47","modified_gmt":"2025-09-12T11:02:47","slug":"isabelle-verjans-representante-de-belgica-en-el-comite-de-mujeres-de-la-wpf","status":"publish","type":"page","link":"https:\/\/worldpokerfederation.org\/es\/comite-de-mujeres\/las-mujeres-detras-del-comite-de-mujeres-de-wpf\/representantes-nacionales-del-comite-de-mujeres-de-la-wpf\/isabelle-verjans-representante-de-belgica-en-el-comite-de-mujeres-de-la-wpf\/","title":{"rendered":"Isabelle Verjans \u2013 Representante de B\u00e9lgica en el Comit\u00e9 de Mujeres de la WPF"},"content":{"rendered":"<div data-elementor-type=\"wp-page\" data-elementor-id=\"24098\" class=\"elementor elementor-24098\" data-elementor-post-type=\"page\">\n\t\t\t\t\t\t<section class=\"elementor-section elementor-top-section elementor-element elementor-element-791f14a2 elementor-section-height-min-height elementor-section-boxed elementor-section-height-default elementor-section-items-middle wpr-particle-no wpr-jarallax-no wpr-parallax-no wpr-sticky-section-no\" data-id=\"791f14a2\" data-element_type=\"section\" data-e-type=\"section\" data-settings=\"{&quot;background_background&quot;:&quot;classic&quot;}\">\n\t\t\t\t\t\t\t<div class=\"elementor-background-overlay\"><\/div>\n\t\t\t\t\t\t\t<div class=\"elementor-container elementor-column-gap-default\">\n\t\t\t\t\t<div class=\"elementor-column elementor-col-100 elementor-top-column elementor-element elementor-element-6644525b\" data-id=\"6644525b\" data-element_type=\"column\" data-e-type=\"column\">\n\t\t\t<div class=\"elementor-widget-wrap\">\n\t\t\t\t\t\t\t<\/div>\n\t\t<\/div>\n\t\t\t\t\t<\/div>\n\t\t<\/section>\n\t\t\t\t<section class=\"elementor-section elementor-top-section elementor-element elementor-element-55ded9a7 elementor-section-boxed elementor-section-height-default elementor-section-height-default wpr-particle-no wpr-jarallax-no wpr-parallax-no wpr-sticky-section-no\" data-id=\"55ded9a7\" data-element_type=\"section\" data-e-type=\"section\">\n\t\t\t\t\t\t<div class=\"elementor-container elementor-column-gap-wider\">\n\t\t\t\t\t<div class=\"elementor-column elementor-col-33 elementor-top-column elementor-element elementor-element-5b9b0fbb\" data-id=\"5b9b0fbb\" data-element_type=\"column\" data-e-type=\"column\">\n\t\t\t<div class=\"elementor-widget-wrap elementor-element-populated\">\n\t\t\t\t\t\t<div class=\"elementor-element elementor-element-207672b8 elementor-widget elementor-widget-image\" data-id=\"207672b8\" data-element_type=\"widget\" data-e-type=\"widget\" data-widget_type=\"image.default\">\n\t\t\t\t<div class=\"elementor-widget-container\">\n\t\t\t\t\t\t\t\t\t\t\t\t\t\t\t<img fetchpriority=\"high\" decoding=\"async\" width=\"1024\" height=\"1024\" src=\"https:\/\/i0.wp.com\/worldpokerfederation.org\/wp-content\/uploads\/2025\/09\/Isabelle-Verjans-WPF.webp?fit=1024%2C1024&amp;ssl=1\" class=\"attachment-large size-large wp-image-24119\" alt=\"\" srcset=\"https:\/\/i0.wp.com\/worldpokerfederation.org\/wp-content\/uploads\/2025\/09\/Isabelle-Verjans-WPF.webp?w=1200&amp;ssl=1 1200w, https:\/\/i0.wp.com\/worldpokerfederation.org\/wp-content\/uploads\/2025\/09\/Isabelle-Verjans-WPF.webp?resize=300%2C300&amp;ssl=1 300w, https:\/\/i0.wp.com\/worldpokerfederation.org\/wp-content\/uploads\/2025\/09\/Isabelle-Verjans-WPF.webp?resize=1024%2C1024&amp;ssl=1 1024w, https:\/\/i0.wp.com\/worldpokerfederation.org\/wp-content\/uploads\/2025\/09\/Isabelle-Verjans-WPF.webp?resize=150%2C150&amp;ssl=1 150w, https:\/\/i0.wp.com\/worldpokerfederation.org\/wp-content\/uploads\/2025\/09\/Isabelle-Verjans-WPF.webp?resize=768%2C768&amp;ssl=1 768w, https:\/\/i0.wp.com\/worldpokerfederation.org\/wp-content\/uploads\/2025\/09\/Isabelle-Verjans-WPF.webp?resize=12%2C12&amp;ssl=1 12w\" sizes=\"(max-width: 1024px) 100vw, 1024px\" \/>\t\t\t\t\t\t\t\t\t\t\t\t\t\t\t<\/div>\n\t\t\t\t<\/div>\n\t\t\t\t\t<\/div>\n\t\t<\/div>\n\t\t\t\t<div class=\"elementor-column elementor-col-66 elementor-top-column elementor-element elementor-element-1256fd8b\" data-id=\"1256fd8b\" data-element_type=\"column\" data-e-type=\"column\">\n\t\t\t<div class=\"elementor-widget-wrap elementor-element-populated\">\n\t\t\t\t\t\t<div class=\"elementor-element elementor-element-4a7a1490 elementor-widget elementor-widget-heading\" data-id=\"4a7a1490\" data-element_type=\"widget\" data-e-type=\"widget\" data-widget_type=\"heading.default\">\n\t\t\t\t<div class=\"elementor-widget-container\">\n\t\t\t\t\t<h2 class=\"elementor-heading-title elementor-size-default\">Isabelle Verjans<\/h2>\t\t\t\t<\/div>\n\t\t\t\t<\/div>\n\t\t\t\t<div class=\"elementor-element elementor-element-7648508 elementor-widget elementor-widget-heading\" data-id=\"7648508\" data-element_type=\"widget\" data-e-type=\"widget\" data-widget_type=\"heading.default\">\n\t\t\t\t<div class=\"elementor-widget-container\">\n\t\t\t\t\t<h4 class=\"elementor-heading-title elementor-size-default\">Representante de B\u00e9lgica<\/h4>\t\t\t\t<\/div>\n\t\t\t\t<\/div>\n\t\t\t\t<div class=\"elementor-element elementor-element-695eeb90 elementor-widget elementor-widget-text-editor\" data-id=\"695eeb90\" data-element_type=\"widget\" data-e-type=\"widget\" data-widget_type=\"text-editor.default\">\n\t\t\t\t<div class=\"elementor-widget-container\">\n\t\t\t\t\t\t\t\t\t<p>Como jugadora entusiasta de poker, Isabelle convirti\u00f3 su pasi\u00f3n en su profesi\u00f3n al unirse a Concept Booth en 2022 como directora de marketing. Concept Booth es una agencia de marketing belga especializada en el sector de los juegos y poker, que gestiona proyectos importantes como Pokahnights y GGPoker Belgium.<\/p><p><strong>\u00bfCu\u00e1l es la importancia de poker en tu vida?<\/strong><br \/>El p\u00f3ker ocupa un lugar importante en mi vida. No solo es mi afici\u00f3n, sino tambi\u00e9n mi trabajo, lo que significa que estoy inmerso en \u00e9l a diario. Ya sea en mi vida privada o profesional, estoy rodeado de \u00e9l las 24 horas del d\u00eda, los 7 d\u00edas de la semana.<\/p><p><strong>\u00bfEn tu opini\u00f3n cu\u00e1l es la importancia del Comit\u00e9 de Mujeres?<\/strong><br \/>Creo que es importante que las mujeres est\u00e9n representadas en este campo, porque actualmente seguimos siendo una minor\u00eda importante. Sin embargo, no hay absolutamente nada en poker que lo haga inherentemente m\u00e1s masculino que femenino. Por eso me parece fant\u00e1stico ver a las mujeres involucrarse y demostrar que, al igual que los hombres, pueden generar un impacto y ayudar a impulsar la industria.<\/p>\t\t\t\t\t\t\t\t<\/div>\n\t\t\t\t<\/div>\n\t\t\t\t\t<\/div>\n\t\t<\/div>\n\t\t\t\t\t<\/div>\n\t\t<\/section>\n\t\t\t\t<section class=\"elementor-section elementor-top-section elementor-element elementor-element-7c6957b9 elementor-section-height-min-height elementor-section-boxed elementor-section-height-default elementor-section-items-middle wpr-particle-no wpr-jarallax-no wpr-parallax-no wpr-sticky-section-no\" data-id=\"7c6957b9\" data-element_type=\"section\" data-e-type=\"section\" data-settings=\"{&quot;background_background&quot;:&quot;classic&quot;}\">\n\t\t\t\t\t\t\t<div class=\"elementor-background-overlay\"><\/div>\n\t\t\t\t\t\t\t<div class=\"elementor-container elementor-column-gap-default\">\n\t\t\t\t\t<div class=\"elementor-column elementor-col-100 elementor-top-column elementor-element elementor-element-137aa221\" data-id=\"137aa221\" data-element_type=\"column\" data-e-type=\"column\">\n\t\t\t<div class=\"elementor-widget-wrap elementor-element-populated\">\n\t\t\t\t\t\t<div class=\"elementor-element elementor-element-617e0219 elementor-widget elementor-widget-text-editor\" data-id=\"617e0219\" data-element_type=\"widget\" data-e-type=\"widget\" data-widget_type=\"text-editor.default\">\n\t\t\t\t<div class=\"elementor-widget-container\">\n\t\t\t\t\t\t\t\t\t<p>Comit\u00e9 de Mujeres<br \/>Miembros de la junta directiva<\/p>\t\t\t\t\t\t\t\t<\/div>\n\t\t\t\t<\/div>\n\t\t\t\t<div class=\"elementor-element elementor-element-7552b1a1 elementor-widget elementor-widget-text-editor\" data-id=\"7552b1a1\" data-element_type=\"widget\" data-e-type=\"widget\" data-widget_type=\"text-editor.default\">\n\t\t\t\t<div class=\"elementor-widget-container\">\n\t\t\t\t\t\t\t\t\t<p>Un equipo global de mujeres que aman poker, lideran con un prop\u00f3sito e inspiran cambios en el juego y la industria.<\/p>\t\t\t\t\t\t\t\t<\/div>\n\t\t\t\t<\/div>\n\t\t\t\t<div class=\"elementor-element elementor-element-7117531a elementor-tablet-align-center elementor-align-center elementor-widget elementor-widget-button\" data-id=\"7117531a\" data-element_type=\"widget\" data-e-type=\"widget\" data-widget_type=\"button.default\">\n\t\t\t\t<div class=\"elementor-widget-container\">\n\t\t\t\t\t\t\t\t\t<div class=\"elementor-button-wrapper\">\n\t\t\t\t\t<a class=\"elementor-button elementor-button-link elementor-size-md elementor-animation-grow\" href=\"https:\/\/worldpokerfederation.org\/es\/comite-de-mujeres\/miembros-de-la-junta-directiva-del-comite-de-mujeres-de-la-wpf\/\">\n\t\t\t\t\t\t<span class=\"elementor-button-content-wrapper\">\n\t\t\t\t\t\t<span class=\"elementor-button-icon\">\n\t\t\t\t<i aria-hidden=\"true\" class=\"fas fa-arrow-alt-circle-right\"><\/i>\t\t\t<\/span>\n\t\t\t\t\t\t\t\t\t<span class=\"elementor-button-text\">Conozca a la Junta Directiva<\/span>\n\t\t\t\t\t<\/span>\n\t\t\t\t\t<\/a>\n\t\t\t\t<\/div>\n\t\t\t\t\t\t\t\t<\/div>\n\t\t\t\t<\/div>\n\t\t\t\t\t<\/div>\n\t\t<\/div>\n\t\t\t\t\t<\/div>\n\t\t<\/section>\n\t\t\t\t<\/div>","protected":false},"excerpt":{"rendered":"<p>Isabelle Verjans, Representante de B\u00e9lgica Como entusiasta jugadora de poker, Isabelle convirti\u00f3 su pasi\u00f3n en su profesi\u00f3n al unirse a Concept Booth en 2022 como Gerente de Marketing. Concept Booth es una agencia de marketing belga especializada en el sector de juegos y poker, que gestiona grandes proyectos como Pokahnights y GGPoker Belgium. \u00bfCu\u00e1l es la importancia de poker en tu vida? El p\u00f3ker juega un papel importante en mi vida. No solo es mi pasatiempo, sino tambi\u00e9n mi trabajo, lo que significa que estoy inmersa en \u00e9l a diario. Ya sea en mi vida privada o profesional, estoy realmente rodeada de \u00e9l las 24 horas del d\u00eda, los 7 d\u00edas de la semana. En tu opini\u00f3n, \u00bfcu\u00e1l es la importancia del Comit\u00e9 de Mujeres? Creo que es importante que las mujeres est\u00e9n representadas en este campo, porque en este momento todav\u00eda somos una fuerte minor\u00eda. Sin embargo, no hay absolutamente nada en poker que lo haga inherentemente m\u00e1s masculino que femenino. Por eso me parece fant\u00e1stico ver a las mujeres involucrarse y demostrar que, al igual que los hombres, pueden generar un impacto y ayudar a impulsar la industria. Comit\u00e9 de Mujeres Miembros de la Junta Directiva Un equipo global de mujeres que aman el poker, lideran con prop\u00f3sito e inspiran el cambio en el juego y la industria. Conoce a la Junta Directiva.<\/p>","protected":false},"author":173886969,"featured_media":0,"parent":23181,"menu_order":0,"comment_status":"closed","ping_status":"closed","template":"","meta":{"_coblocks_attr":"","_coblocks_dimensions":"","_coblocks_responsive_height":"","_coblocks_accordion_ie_support":"","_crdt_document":"","footnotes":"","_links_to":"","_links_to_target":""},"class_list":["post-24098","page","type-page","status-publish","hentry"],"blocksy_meta":[],"yoast_head":"<!-- This site is optimized with the Yoast SEO plugin v27.3 - https:\/\/yoast.com\/product\/yoast-seo-wordpress\/ -->\n<title>Isabelle Verjans \u2013 Belgium\u2019s Representative on the WPF Women\u2019s Committee<\/title>\n<meta name=\"description\" content=\"Isabelle Verjans represents Belgium on the WPF Women\u2019s Committee, contributing to the global mission of empowering women in poker.\" \/>\n<meta name=\"robots\" content=\"index, follow, max-snippet:-1, max-image-preview:large, max-video-preview:-1\" \/>\n<link rel=\"canonical\" href=\"https:\/\/worldpokerfederation.org\/es\/comite-de-mujeres\/las-mujeres-detras-del-comite-de-mujeres-de-wpf\/representantes-nacionales-del-comite-de-mujeres-de-la-wpf\/isabelle-verjans-representante-de-belgica-en-el-comite-de-mujeres-de-la-wpf\/\" \/>\n<meta property=\"og:locale\" content=\"es_ES\" \/>\n<meta property=\"og:type\" content=\"article\" \/>\n<meta property=\"og:title\" content=\"Isabelle Verjans \u2013 Belgium\u2019s Representative on the WPF Women\u2019s Committee\" \/>\n<meta property=\"og:description\" content=\"Isabelle Verjans represents Belgium on the WPF Women\u2019s Committee, contributing to the global mission of empowering women in poker.\" \/>\n<meta property=\"og:url\" content=\"https:\/\/worldpokerfederation.org\/es\/comite-de-mujeres\/las-mujeres-detras-del-comite-de-mujeres-de-wpf\/representantes-nacionales-del-comite-de-mujeres-de-la-wpf\/isabelle-verjans-representante-de-belgica-en-el-comite-de-mujeres-de-la-wpf\/\" \/>\n<meta property=\"og:site_name\" content=\"World Poker Federation\" \/>\n<meta property=\"article:publisher\" content=\"https:\/\/www.facebook.com\/worldpokerfederation.oficial\/\" \/>\n<meta property=\"article:modified_time\" content=\"2025-09-12T11:02:47+00:00\" \/>\n<meta property=\"og:image\" content=\"https:\/\/worldpokerfederation.org\/wp-content\/uploads\/2025\/09\/Isabelle-Verjans-WPF-1024x1024.webp\" \/>\n<meta name=\"twitter:card\" content=\"summary_large_image\" \/>\n<meta name=\"twitter:site\" content=\"@wpf_poker\" \/>\n<script type=\"application\/ld+json\" class=\"yoast-schema-graph\">{\"@context\":\"https:\\\/\\\/schema.org\",\"@graph\":[{\"@type\":\"WebPage\",\"@id\":\"https:\\\/\\\/worldpokerfederation.org\\\/womens-committee\\\/the-women-behind-wpf-womens-committee\\\/wpf-womens-committee-country-representatives\\\/isabelle-verjans-belgiums-representative-on-the-wpf-womens-committee\\\/\",\"url\":\"https:\\\/\\\/worldpokerfederation.org\\\/womens-committee\\\/the-women-behind-wpf-womens-committee\\\/wpf-womens-committee-country-representatives\\\/isabelle-verjans-belgiums-representative-on-the-wpf-womens-committee\\\/\",\"name\":\"Isabelle Verjans \u2013 Belgium\u2019s Representative on the WPF Women\u2019s Committee\",\"isPartOf\":{\"@id\":\"https:\\\/\\\/worldpokerfederation.org\\\/#website\"},\"primaryImageOfPage\":{\"@id\":\"https:\\\/\\\/worldpokerfederation.org\\\/womens-committee\\\/the-women-behind-wpf-womens-committee\\\/wpf-womens-committee-country-representatives\\\/isabelle-verjans-belgiums-representative-on-the-wpf-womens-committee\\\/#primaryimage\"},\"image\":{\"@id\":\"https:\\\/\\\/worldpokerfederation.org\\\/womens-committee\\\/the-women-behind-wpf-womens-committee\\\/wpf-womens-committee-country-representatives\\\/isabelle-verjans-belgiums-representative-on-the-wpf-womens-committee\\\/#primaryimage\"},\"thumbnailUrl\":\"https:\\\/\\\/worldpokerfederation.org\\\/wp-content\\\/uploads\\\/2025\\\/09\\\/Isabelle-Verjans-WPF-1024x1024.webp\",\"datePublished\":\"2025-09-11T21:19:14+00:00\",\"dateModified\":\"2025-09-12T11:02:47+00:00\",\"description\":\"Isabelle Verjans represents Belgium on the WPF Women\u2019s Committee, contributing to the global mission of empowering women in poker.\",\"breadcrumb\":{\"@id\":\"https:\\\/\\\/worldpokerfederation.org\\\/womens-committee\\\/the-women-behind-wpf-womens-committee\\\/wpf-womens-committee-country-representatives\\\/isabelle-verjans-belgiums-representative-on-the-wpf-womens-committee\\\/#breadcrumb\"},\"inLanguage\":\"es\",\"potentialAction\":[{\"@type\":\"ReadAction\",\"target\":[\"https:\\\/\\\/worldpokerfederation.org\\\/womens-committee\\\/the-women-behind-wpf-womens-committee\\\/wpf-womens-committee-country-representatives\\\/isabelle-verjans-belgiums-representative-on-the-wpf-womens-committee\\\/\"]}]},{\"@type\":\"ImageObject\",\"inLanguage\":\"es\",\"@id\":\"https:\\\/\\\/worldpokerfederation.org\\\/womens-committee\\\/the-women-behind-wpf-womens-committee\\\/wpf-womens-committee-country-representatives\\\/isabelle-verjans-belgiums-representative-on-the-wpf-womens-committee\\\/#primaryimage\",\"url\":\"https:\\\/\\\/worldpokerfederation.org\\\/wp-content\\\/uploads\\\/2025\\\/09\\\/Isabelle-Verjans-WPF-1024x1024.webp\",\"contentUrl\":\"https:\\\/\\\/worldpokerfederation.org\\\/wp-content\\\/uploads\\\/2025\\\/09\\\/Isabelle-Verjans-WPF-1024x1024.webp\"},{\"@type\":\"BreadcrumbList\",\"@id\":\"https:\\\/\\\/worldpokerfederation.org\\\/womens-committee\\\/the-women-behind-wpf-womens-committee\\\/wpf-womens-committee-country-representatives\\\/isabelle-verjans-belgiums-representative-on-the-wpf-womens-committee\\\/#breadcrumb\",\"itemListElement\":[{\"@type\":\"ListItem\",\"position\":1,\"name\":\"Home\",\"item\":\"https:\\\/\\\/worldpokerfederation.org\\\/\"},{\"@type\":\"ListItem\",\"position\":2,\"name\":\"WPF Women\u2019s Committee\",\"item\":\"https:\\\/\\\/worldpokerfederation.org\\\/womens-committee\\\/\"},{\"@type\":\"ListItem\",\"position\":3,\"name\":\"The Women Behind WPF Women&#8217;s Committee\",\"item\":\"https:\\\/\\\/worldpokerfederation.org\\\/womens-committee\\\/the-women-behind-wpf-womens-committee\\\/\"},{\"@type\":\"ListItem\",\"position\":4,\"name\":\"WPF Women&#8217;s Committee Country Representatives\",\"item\":\"https:\\\/\\\/worldpokerfederation.org\\\/womens-committee\\\/the-women-behind-wpf-womens-committee\\\/wpf-womens-committee-country-representatives\\\/\"},{\"@type\":\"ListItem\",\"position\":5,\"name\":\"Isabelle Verjans \u2013 Belgium\u2019s Representative on the WPF Women\u2019s Committee\"}]},{\"@type\":\"WebSite\",\"@id\":\"https:\\\/\\\/worldpokerfederation.org\\\/#website\",\"url\":\"https:\\\/\\\/worldpokerfederation.org\\\/\",\"name\":\"World Poker Federation\",\"description\":\"Shaping the Future of Poker\",\"publisher\":{\"@id\":\"https:\\\/\\\/worldpokerfederation.org\\\/#organization\"},\"potentialAction\":[{\"@type\":\"SearchAction\",\"target\":{\"@type\":\"EntryPoint\",\"urlTemplate\":\"https:\\\/\\\/worldpokerfederation.org\\\/?s={search_term_string}\"},\"query-input\":{\"@type\":\"PropertyValueSpecification\",\"valueRequired\":true,\"valueName\":\"search_term_string\"}}],\"inLanguage\":\"es\"},{\"@type\":\"Organization\",\"@id\":\"https:\\\/\\\/worldpokerfederation.org\\\/#organization\",\"name\":\"World Poker Federation\",\"alternateName\":\"WPF\",\"url\":\"https:\\\/\\\/worldpokerfederation.org\\\/\",\"logo\":{\"@type\":\"ImageObject\",\"inLanguage\":\"es\",\"@id\":\"https:\\\/\\\/worldpokerfederation.org\\\/#\\\/schema\\\/logo\\\/image\\\/\",\"url\":\"https:\\\/\\\/i0.wp.com\\\/worldpokerfederation.org\\\/wp-content\\\/uploads\\\/2022\\\/12\\\/WPF-World-Poker-Federation-Featured-Image.png?fit=1200%2C628&ssl=1\",\"contentUrl\":\"https:\\\/\\\/i0.wp.com\\\/worldpokerfederation.org\\\/wp-content\\\/uploads\\\/2022\\\/12\\\/WPF-World-Poker-Federation-Featured-Image.png?fit=1200%2C628&ssl=1\",\"width\":1200,\"height\":628,\"caption\":\"World Poker Federation\"},\"image\":{\"@id\":\"https:\\\/\\\/worldpokerfederation.org\\\/#\\\/schema\\\/logo\\\/image\\\/\"},\"sameAs\":[\"https:\\\/\\\/www.facebook.com\\\/worldpokerfederation.oficial\\\/\",\"https:\\\/\\\/x.com\\\/wpf_poker\",\"https:\\\/\\\/www.instagram.com\\\/worldpokerfederation\\\/\",\"https:\\\/\\\/www.linkedin.com\\\/company\\\/world-poker-federation\",\"https:\\\/\\\/www.youtube.com\\\/@worldpokerfederation\"]}]}<\/script>\n<!-- \/ Yoast SEO plugin. -->","yoast_head_json":{"title":"Isabelle Verjans \u2013 Representante de B\u00e9lgica en el Comit\u00e9 de Mujeres de la WPF","description":"Isabelle Verjans representa a B\u00e9lgica en el Comit\u00e9 de Mujeres de WPF, contribuyendo a la misi\u00f3n global de empoderar a las mujeres en poker.","robots":{"index":"index","follow":"follow","max-snippet":"max-snippet:-1","max-image-preview":"max-image-preview:large","max-video-preview":"max-video-preview:-1"},"canonical":"https:\/\/worldpokerfederation.org\/es\/comite-de-mujeres\/las-mujeres-detras-del-comite-de-mujeres-de-wpf\/representantes-nacionales-del-comite-de-mujeres-de-la-wpf\/isabelle-verjans-representante-de-belgica-en-el-comite-de-mujeres-de-la-wpf\/","og_locale":"es_ES","og_type":"article","og_title":"Isabelle Verjans \u2013 Belgium\u2019s Representative on the WPF Women\u2019s Committee","og_description":"Isabelle Verjans represents Belgium on the WPF Women\u2019s Committee, contributing to the global mission of empowering women in poker.","og_url":"https:\/\/worldpokerfederation.org\/es\/comite-de-mujeres\/las-mujeres-detras-del-comite-de-mujeres-de-wpf\/representantes-nacionales-del-comite-de-mujeres-de-la-wpf\/isabelle-verjans-representante-de-belgica-en-el-comite-de-mujeres-de-la-wpf\/","og_site_name":"World Poker Federation","article_publisher":"https:\/\/www.facebook.com\/worldpokerfederation.oficial\/","article_modified_time":"2025-09-12T11:02:47+00:00","og_image":[{"url":"https:\/\/worldpokerfederation.org\/wp-content\/uploads\/2025\/09\/Isabelle-Verjans-WPF-1024x1024.webp","type":"","width":"","height":""}],"twitter_card":"summary_large_image","twitter_site":"@wpf_poker","schema":{"@context":"https:\/\/schema.org","@graph":[{"@type":"WebPage","@id":"https:\/\/worldpokerfederation.org\/womens-committee\/the-women-behind-wpf-womens-committee\/wpf-womens-committee-country-representatives\/isabelle-verjans-belgiums-representative-on-the-wpf-womens-committee\/","url":"https:\/\/worldpokerfederation.org\/womens-committee\/the-women-behind-wpf-womens-committee\/wpf-womens-committee-country-representatives\/isabelle-verjans-belgiums-representative-on-the-wpf-womens-committee\/","name":"Isabelle Verjans \u2013 Representante de B\u00e9lgica en el Comit\u00e9 de Mujeres de la WPF","isPartOf":{"@id":"https:\/\/worldpokerfederation.org\/#website"},"primaryImageOfPage":{"@id":"https:\/\/worldpokerfederation.org\/womens-committee\/the-women-behind-wpf-womens-committee\/wpf-womens-committee-country-representatives\/isabelle-verjans-belgiums-representative-on-the-wpf-womens-committee\/#primaryimage"},"image":{"@id":"https:\/\/worldpokerfederation.org\/womens-committee\/the-women-behind-wpf-womens-committee\/wpf-womens-committee-country-representatives\/isabelle-verjans-belgiums-representative-on-the-wpf-womens-committee\/#primaryimage"},"thumbnailUrl":"https:\/\/worldpokerfederation.org\/wp-content\/uploads\/2025\/09\/Isabelle-Verjans-WPF-1024x1024.webp","datePublished":"2025-09-11T21:19:14+00:00","dateModified":"2025-09-12T11:02:47+00:00","description":"Isabelle Verjans representa a B\u00e9lgica en el Comit\u00e9 de Mujeres de WPF, contribuyendo a la misi\u00f3n global de empoderar a las mujeres en poker.","breadcrumb":{"@id":"https:\/\/worldpokerfederation.org\/womens-committee\/the-women-behind-wpf-womens-committee\/wpf-womens-committee-country-representatives\/isabelle-verjans-belgiums-representative-on-the-wpf-womens-committee\/#breadcrumb"},"inLanguage":"es","potentialAction":[{"@type":"ReadAction","target":["https:\/\/worldpokerfederation.org\/womens-committee\/the-women-behind-wpf-womens-committee\/wpf-womens-committee-country-representatives\/isabelle-verjans-belgiums-representative-on-the-wpf-womens-committee\/"]}]},{"@type":"ImageObject","inLanguage":"es","@id":"https:\/\/worldpokerfederation.org\/womens-committee\/the-women-behind-wpf-womens-committee\/wpf-womens-committee-country-representatives\/isabelle-verjans-belgiums-representative-on-the-wpf-womens-committee\/#primaryimage","url":"https:\/\/worldpokerfederation.org\/wp-content\/uploads\/2025\/09\/Isabelle-Verjans-WPF-1024x1024.webp","contentUrl":"https:\/\/worldpokerfederation.org\/wp-content\/uploads\/2025\/09\/Isabelle-Verjans-WPF-1024x1024.webp"},{"@type":"BreadcrumbList","@id":"https:\/\/worldpokerfederation.org\/womens-committee\/the-women-behind-wpf-womens-committee\/wpf-womens-committee-country-representatives\/isabelle-verjans-belgiums-representative-on-the-wpf-womens-committee\/#breadcrumb","itemListElement":[{"@type":"ListItem","position":1,"name":"Home","item":"https:\/\/worldpokerfederation.org\/"},{"@type":"ListItem","position":2,"name":"WPF Women\u2019s Committee","item":"https:\/\/worldpokerfederation.org\/womens-committee\/"},{"@type":"ListItem","position":3,"name":"The Women Behind WPF Women&#8217;s Committee","item":"https:\/\/worldpokerfederation.org\/womens-committee\/the-women-behind-wpf-womens-committee\/"},{"@type":"ListItem","position":4,"name":"WPF Women&#8217;s Committee Country Representatives","item":"https:\/\/worldpokerfederation.org\/womens-committee\/the-women-behind-wpf-womens-committee\/wpf-womens-committee-country-representatives\/"},{"@type":"ListItem","position":5,"name":"Isabelle Verjans \u2013 Belgium\u2019s Representative on the WPF Women\u2019s Committee"}]},{"@type":"WebSite","@id":"https:\/\/worldpokerfederation.org\/#website","url":"https:\/\/worldpokerfederation.org\/","name":"WPF","description":"Dando forma al futuro del poker","publisher":{"@id":"https:\/\/worldpokerfederation.org\/#organization"},"potentialAction":[{"@type":"SearchAction","target":{"@type":"EntryPoint","urlTemplate":"https:\/\/worldpokerfederation.org\/?s={search_term_string}"},"query-input":{"@type":"PropertyValueSpecification","valueRequired":true,"valueName":"search_term_string"}}],"inLanguage":"es"},{"@type":"Organization","@id":"https:\/\/worldpokerfederation.org\/#organization","name":"WPF","alternateName":"WPF","url":"https:\/\/worldpokerfederation.org\/","logo":{"@type":"ImageObject","inLanguage":"es","@id":"https:\/\/worldpokerfederation.org\/#\/schema\/logo\/image\/","url":"https:\/\/i0.wp.com\/worldpokerfederation.org\/wp-content\/uploads\/2022\/12\/WPF-World-Poker-Federation-Featured-Image.png?fit=1200%2C628&ssl=1","contentUrl":"https:\/\/i0.wp.com\/worldpokerfederation.org\/wp-content\/uploads\/2022\/12\/WPF-World-Poker-Federation-Featured-Image.png?fit=1200%2C628&ssl=1","width":1200,"height":628,"caption":"World Poker Federation"},"image":{"@id":"https:\/\/worldpokerfederation.org\/#\/schema\/logo\/image\/"},"sameAs":["https:\/\/www.facebook.com\/worldpokerfederation.oficial\/","https:\/\/x.com\/wpf_poker","https:\/\/www.instagram.com\/worldpokerfederation\/","https:\/\/www.linkedin.com\/company\/world-poker-federation","https:\/\/www.youtube.com\/@worldpokerfederation"]}]}},"_links":{"self":[{"href":"https:\/\/worldpokerfederation.org\/es\/wp-json\/wp\/v2\/pages\/24098","targetHints":{"allow":["GET"]}}],"collection":[{"href":"https:\/\/worldpokerfederation.org\/es\/wp-json\/wp\/v2\/pages"}],"about":[{"href":"https:\/\/worldpokerfederation.org\/es\/wp-json\/wp\/v2\/types\/page"}],"author":[{"embeddable":true,"href":"https:\/\/worldpokerfederation.org\/es\/wp-json\/wp\/v2\/users\/173886969"}],"replies":[{"embeddable":true,"href":"https:\/\/worldpokerfederation.org\/es\/wp-json\/wp\/v2\/comments?post=24098"}],"version-history":[{"count":14,"href":"https:\/\/worldpokerfederation.org\/es\/wp-json\/wp\/v2\/pages\/24098\/revisions"}],"predecessor-version":[{"id":24143,"href":"https:\/\/worldpokerfederation.org\/es\/wp-json\/wp\/v2\/pages\/24098\/revisions\/24143"}],"up":[{"embeddable":true,"href":"https:\/\/worldpokerfederation.org\/es\/wp-json\/wp\/v2\/pages\/23181"}],"wp:attachment":[{"href":"https:\/\/worldpokerfederation.org\/es\/wp-json\/wp\/v2\/media?parent=24098"}],"curies":[{"name":"gracias","href":"https:\/\/api.w.org\/{rel}","templated":true}]}}