{"id":25944,"date":"2026-02-27T16:30:01","date_gmt":"2026-02-27T19:30:01","guid":{"rendered":"https:\/\/worldpokerfederation.org\/?page_id=25944"},"modified":"2026-02-27T16:37:33","modified_gmt":"2026-02-27T19:37:33","slug":"ueltom-lima","status":"publish","type":"page","link":"https:\/\/worldpokerfederation.org\/de\/uber-den-weltpokerverband\/geschaftsfuhrung\/ueltom-lima\/","title":{"rendered":"Ueltom Lima \u2013 WPF-Verwaltungsrat"},"content":{"rendered":"<div data-elementor-type=\"wp-page\" data-elementor-id=\"25944\" class=\"elementor elementor-25944\" data-elementor-post-type=\"page\">\n\t\t\t\t\t\t<section class=\"elementor-section elementor-top-section elementor-element elementor-element-2acf2ef7 elementor-section-height-min-height elementor-section-boxed elementor-section-height-default elementor-section-items-middle wpr-particle-no wpr-jarallax-no wpr-parallax-no wpr-sticky-section-no wpr-equal-height-no\" data-id=\"2acf2ef7\" data-element_type=\"section\" data-e-type=\"section\" data-settings=\"{&quot;background_background&quot;:&quot;classic&quot;}\">\n\t\t\t\t\t\t<div class=\"elementor-container elementor-column-gap-default\">\n\t\t\t\t\t<div class=\"elementor-column elementor-col-100 elementor-top-column elementor-element elementor-element-5f02f64f\" data-id=\"5f02f64f\" data-element_type=\"column\" data-e-type=\"column\">\n\t\t\t<div class=\"elementor-widget-wrap\">\n\t\t\t\t\t\t\t<\/div>\n\t\t<\/div>\n\t\t\t\t\t<\/div>\n\t\t<\/section>\n\t\t\t\t<section class=\"elementor-section elementor-top-section elementor-element elementor-element-165e43a elementor-section-boxed elementor-section-height-default elementor-section-height-default wpr-particle-no wpr-jarallax-no wpr-parallax-no wpr-sticky-section-no wpr-equal-height-no\" data-id=\"165e43a\" data-element_type=\"section\" data-e-type=\"section\">\n\t\t\t\t\t\t<div class=\"elementor-container elementor-column-gap-wider\">\n\t\t\t\t\t<div class=\"elementor-column elementor-col-33 elementor-top-column elementor-element elementor-element-5f0d8c1e\" data-id=\"5f0d8c1e\" data-element_type=\"column\" data-e-type=\"column\">\n\t\t\t<div class=\"elementor-widget-wrap elementor-element-populated\">\n\t\t\t\t\t\t<div class=\"elementor-element elementor-element-6dc7e264 elementor-widget elementor-widget-image\" data-id=\"6dc7e264\" data-element_type=\"widget\" data-e-type=\"widget\" data-widget_type=\"image.default\">\n\t\t\t\t<div class=\"elementor-widget-container\">\n\t\t\t\t\t\t\t\t\t\t\t\t\t\t\t<img fetchpriority=\"high\" decoding=\"async\" width=\"600\" height=\"600\" src=\"https:\/\/i0.wp.com\/worldpokerfederation.org\/wp-content\/uploads\/2026\/02\/Ueltom-Lima-Gomes-World-Poker-Federation-Web.webp?fit=600%2C600&amp;ssl=1\" class=\"attachment-large size-large wp-image-25946\" alt=\"Ueltom Lima - WPF Public Relations\" srcset=\"https:\/\/i0.wp.com\/worldpokerfederation.org\/wp-content\/uploads\/2026\/02\/Ueltom-Lima-Gomes-World-Poker-Federation-Web.webp?w=600&amp;ssl=1 600w, https:\/\/i0.wp.com\/worldpokerfederation.org\/wp-content\/uploads\/2026\/02\/Ueltom-Lima-Gomes-World-Poker-Federation-Web.webp?resize=300%2C300&amp;ssl=1 300w, https:\/\/i0.wp.com\/worldpokerfederation.org\/wp-content\/uploads\/2026\/02\/Ueltom-Lima-Gomes-World-Poker-Federation-Web.webp?resize=150%2C150&amp;ssl=1 150w, https:\/\/i0.wp.com\/worldpokerfederation.org\/wp-content\/uploads\/2026\/02\/Ueltom-Lima-Gomes-World-Poker-Federation-Web.webp?resize=12%2C12&amp;ssl=1 12w\" sizes=\"(max-width: 600px) 100vw, 600px\" \/>\t\t\t\t\t\t\t\t\t\t\t\t\t\t\t<\/div>\n\t\t\t\t<\/div>\n\t\t\t\t\t<\/div>\n\t\t<\/div>\n\t\t\t\t<div class=\"elementor-column elementor-col-66 elementor-top-column elementor-element elementor-element-1cdfca32\" data-id=\"1cdfca32\" data-element_type=\"column\" data-e-type=\"column\">\n\t\t\t<div class=\"elementor-widget-wrap elementor-element-populated\">\n\t\t\t\t\t\t<div class=\"elementor-element elementor-element-55e003a4 elementor-widget elementor-widget-heading\" data-id=\"55e003a4\" data-element_type=\"widget\" data-e-type=\"widget\" data-widget_type=\"heading.default\">\n\t\t\t\t<div class=\"elementor-widget-container\">\n\t\t\t\t\t<h2 class=\"elementor-heading-title elementor-size-default\">Ueltom Lima<\/h2>\t\t\t\t<\/div>\n\t\t\t\t<\/div>\n\t\t\t\t<div class=\"elementor-element elementor-element-48b90c8b elementor-widget elementor-widget-heading\" data-id=\"48b90c8b\" data-element_type=\"widget\" data-e-type=\"widget\" data-widget_type=\"heading.default\">\n\t\t\t\t<div class=\"elementor-widget-container\">\n\t\t\t\t\t<h4 class=\"elementor-heading-title elementor-size-default\">\u00d6ffentlichkeitsarbeit<\/h4>\t\t\t\t<\/div>\n\t\t\t\t<\/div>\n\t\t\t\t<div class=\"elementor-element elementor-element-6f2565c2 elementor-widget elementor-widget-text-editor\" data-id=\"6f2565c2\" data-element_type=\"widget\" data-e-type=\"widget\" data-widget_type=\"text-editor.default\">\n\t\t\t\t<div class=\"elementor-widget-container\">\n\t\t\t\t\t\t\t\t\t<p data-pm-slice=\"0 0 []\">Ueltom Lima ist im Bereich Public Relations bei der World Poker Federation t\u00e4tig, st\u00e4rkt die globale Kommunikation und vertritt poker weltweit.<\/p><p>Bei WPF ist Ueltom f\u00fcr die Gestaltung der \u00f6ffentlichen Positionierung des Verbandes und die Gew\u00e4hrleistung einer klaren und verst\u00e4ndlichen Vertretung seiner Stimme auf den internationalen M\u00e4rkten verantwortlich. Seine Arbeit verbindet institutionelle Kommunikation, Medienarbeit und strategischen Dialog und st\u00e4rkt so die Mission von WPF, f\u00fcr die Einheitsplattform poker zu k\u00e4mpfen und seine globale Gemeinschaft zu verteidigen.<\/p><p>Ueltom verf\u00fcgt \u00fcber umfassende Erfahrung in der Governance und institutionellen F\u00fchrung von poker-Spielen. Acht Jahre lang war er Pr\u00e4sident der Confedera\u00e7\u00e3o Brasileira de Texas Hold&#039;em (CBTH) und spielte eine zentrale Rolle bei der Entwicklung und Festigung des organisierten poker-Spiels in Brasilien. Seine F\u00fchrung trug zur St\u00e4rkung der nationalen Struktur des Spiels bei und legte den Grundstein f\u00fcr eine breitere internationale Koordination.<\/p><p>Neben seiner institutionellen T\u00e4tigkeit ist Ueltom Unternehmer und CEO der Grupo H2, einem der f\u00fchrenden Unterhaltungs- und Gl\u00fccksspielkonzerne Brasiliens. Diese Kombination aus Erfahrung in der Unternehmensf\u00fchrung und unternehmerischer Leitung st\u00e4rkt die F\u00e4higkeit der WPF, Stakeholder glaubw\u00fcrdig, transparent und mit einer langfristigen Vision einzubinden.<\/p><p>Sein langj\u00e4hriges Engagement in der Branche st\u00e4rkt die F\u00e4higkeit der WPF, mit Autorit\u00e4t und Konsequenz zu kommunizieren und unterst\u00fctzt die fortlaufende Mission des Verbandes, weltweit f\u00fcr poker zu k\u00e4mpfen.<\/p>\t\t\t\t\t\t\t\t<\/div>\n\t\t\t\t<\/div>\n\t\t\t\t\t<\/div>\n\t\t<\/div>\n\t\t\t\t\t<\/div>\n\t\t<\/section>\n\t\t\t\t<section class=\"elementor-section elementor-top-section elementor-element elementor-element-42164458 elementor-section-height-min-height elementor-section-boxed elementor-section-height-default elementor-section-items-middle wpr-particle-no wpr-jarallax-no wpr-parallax-no wpr-sticky-section-no wpr-equal-height-no\" data-id=\"42164458\" data-element_type=\"section\" data-e-type=\"section\" data-settings=\"{&quot;background_background&quot;:&quot;classic&quot;}\">\n\t\t\t\t\t\t\t<div class=\"elementor-background-overlay\"><\/div>\n\t\t\t\t\t\t\t<div class=\"elementor-container elementor-column-gap-default\">\n\t\t\t\t\t<div class=\"elementor-column elementor-col-100 elementor-top-column elementor-element elementor-element-19e098f7\" data-id=\"19e098f7\" data-element_type=\"column\" data-e-type=\"column\">\n\t\t\t<div class=\"elementor-widget-wrap elementor-element-populated\">\n\t\t\t\t\t\t<div class=\"elementor-element elementor-element-7a8f4d10 elementor-widget elementor-widget-text-editor\" data-id=\"7a8f4d10\" data-element_type=\"widget\" data-e-type=\"widget\" data-widget_type=\"text-editor.default\">\n\t\t\t\t<div class=\"elementor-widget-container\">\n\t\t\t\t\t\t\t\t\t<p>WPF-Verwaltungsrat<\/p>\t\t\t\t\t\t\t\t<\/div>\n\t\t\t\t<\/div>\n\t\t\t\t<div class=\"elementor-element elementor-element-36ff228f elementor-widget elementor-widget-text-editor\" data-id=\"36ff228f\" data-element_type=\"widget\" data-e-type=\"widget\" data-widget_type=\"text-editor.default\">\n\t\t\t\t<div class=\"elementor-widget-container\">\n\t\t\t\t\t\t\t\t\t<p>Vereint durch ein einziges Ziel: f\u00fcr poker und alles, wof\u00fcr es steht, zu k\u00e4mpfen.<\/p>\t\t\t\t\t\t\t\t<\/div>\n\t\t\t\t<\/div>\n\t\t\t\t<div class=\"elementor-element elementor-element-613f5deb elementor-tablet-align-center elementor-align-center elementor-widget elementor-widget-button\" data-id=\"613f5deb\" data-element_type=\"widget\" data-e-type=\"widget\" data-widget_type=\"button.default\">\n\t\t\t\t<div class=\"elementor-widget-container\">\n\t\t\t\t\t\t\t\t\t<div class=\"elementor-button-wrapper\">\n\t\t\t\t\t<a class=\"elementor-button elementor-button-link elementor-size-md elementor-animation-grow\" href=\"https:\/\/worldpokerfederation.org\/de\/uber-den-weltpokerverband\/geschaftsfuhrung\/\">\n\t\t\t\t\t\t<span class=\"elementor-button-content-wrapper\">\n\t\t\t\t\t\t<span class=\"elementor-button-icon\">\n\t\t\t\t<i aria-hidden=\"true\" class=\"fas fa-arrow-alt-circle-right\"><\/i>\t\t\t<\/span>\n\t\t\t\t\t\t\t\t\t<span class=\"elementor-button-text\">Treffen Sie den Vorstand<\/span>\n\t\t\t\t\t<\/span>\n\t\t\t\t\t<\/a>\n\t\t\t\t<\/div>\n\t\t\t\t\t\t\t\t<\/div>\n\t\t\t\t<\/div>\n\t\t\t\t\t<\/div>\n\t\t<\/div>\n\t\t\t\t\t<\/div>\n\t\t<\/section>\n\t\t\t\t<\/div>","protected":false},"excerpt":{"rendered":"<p>Ueltom Lima Public Relations Ueltom Lima is Public Relations at the World Poker Federation, strengthening global communication and representing poker worldwide. At WPF, Ueltom is responsible for shaping the Federation\u2019s public positioning and ensuring that its voice is clearly represented across international markets. His work connects institutional messaging, media relations and strategic dialogue, reinforcing WPF\u2019s mission to fight for poker and defend its global community. Ueltom brings extensive experience in poker governance and institutional leadership. He served for eight years as President of the Confedera\u00e7\u00e3o Brasileira de Texas Hold\u2019em (CBTH), playing a central role in the development and consolidation of organized poker in Brazil. His leadership helped strengthen the national structure of the game and contributed to the foundation for broader international coordination. Beyond his institutional work, Ueltom is an entrepreneur and CEO at Grupo H2, one of Brazil\u2019s leading entertainment and gaming groups. This combination of governance experience and business leadership strengthens WPF\u2019s ability to engage stakeholders with credibility, clarity and long term vision. His longstanding involvement in the industry reinforces WPF\u2019s capacity to communicate with authority and consistency, supporting the Federation\u2019s ongoing mission to fight for poker worldwide. WPF Management Board United by one purpose: to fight for poker and everything it represents. Meet the Board<\/p>","protected":false},"author":173886969,"featured_media":25946,"parent":9317,"menu_order":0,"comment_status":"closed","ping_status":"closed","template":"","meta":{"_coblocks_attr":"","_coblocks_dimensions":"","_coblocks_responsive_height":"","_coblocks_accordion_ie_support":"","_crdt_document":"","footnotes":"","_links_to":"","_links_to_target":""},"class_list":["post-25944","page","type-page","status-publish","has-post-thumbnail","hentry"],"blocksy_meta":[],"yoast_head":"<!-- This site is optimized with the Yoast SEO plugin v27.4 - https:\/\/yoast.com\/product\/yoast-seo-wordpress\/ -->\n<title>Ueltom Lima - WPF Management Board<\/title>\n<meta name=\"description\" content=\"Meet Ueltom Lima, Public Relations of the World Poker Federation and former President of the Brazilian Poker Confederation.\" \/>\n<meta name=\"robots\" content=\"index, follow, max-snippet:-1, max-image-preview:large, max-video-preview:-1\" \/>\n<link rel=\"canonical\" href=\"https:\/\/worldpokerfederation.org\/de\/uber-den-weltpokerverband\/geschaftsfuhrung\/ueltom-lima\/\" \/>\n<meta property=\"og:locale\" content=\"de_DE\" \/>\n<meta property=\"og:type\" content=\"article\" \/>\n<meta property=\"og:title\" content=\"Ueltom Lima - Public Relations at the World Poker Federation\" \/>\n<meta property=\"og:description\" content=\"Meet Ueltom Lima, Public Relations of the World Poker Federation and former President of the Brazilian Poker Confederation.\" \/>\n<meta property=\"og:url\" content=\"https:\/\/worldpokerfederation.org\/de\/uber-den-weltpokerverband\/geschaftsfuhrung\/ueltom-lima\/\" \/>\n<meta property=\"og:site_name\" content=\"World Poker Federation\" \/>\n<meta property=\"article:publisher\" content=\"https:\/\/www.facebook.com\/worldpokerfederation.oficial\/\" \/>\n<meta property=\"article:modified_time\" content=\"2026-02-27T19:37:33+00:00\" \/>\n<meta property=\"og:image\" content=\"https:\/\/worldpokerfederation.org\/wp-content\/uploads\/2026\/02\/Ueltom-Lima-Gomes-World-Poker-Federation-Web.webp\" \/>\n\t<meta property=\"og:image:width\" content=\"600\" \/>\n\t<meta property=\"og:image:height\" content=\"600\" \/>\n\t<meta property=\"og:image:type\" content=\"image\/webp\" \/>\n<meta name=\"twitter:card\" content=\"summary_large_image\" \/>\n<meta name=\"twitter:title\" content=\"Ueltom Lima - Public Relations at the World Poker Federation\" \/>\n<meta name=\"twitter:description\" content=\"Meet Ueltom Lima, Public Relations of the World Poker Federation and former President of the Brazilian Poker Confederation.\" \/>\n<meta name=\"twitter:image\" content=\"https:\/\/i0.wp.com\/worldpokerfederation.org\/wp-content\/uploads\/2026\/02\/Ueltom-Lima-Gomes-World-Poker-Federation-Web.webp?fit=600%2C600&ssl=1\" \/>\n<meta name=\"twitter:site\" content=\"@wpf_poker\" \/>\n<script type=\"application\/ld+json\" class=\"yoast-schema-graph\">{\"@context\":\"https:\\\/\\\/schema.org\",\"@graph\":[{\"@type\":\"WebPage\",\"@id\":\"https:\\\/\\\/worldpokerfederation.org\\\/about-the-world-poker-federation\\\/management-board\\\/ueltom-lima\\\/\",\"url\":\"https:\\\/\\\/worldpokerfederation.org\\\/about-the-world-poker-federation\\\/management-board\\\/ueltom-lima\\\/\",\"name\":\"Ueltom Lima - WPF Management Board\",\"isPartOf\":{\"@id\":\"https:\\\/\\\/worldpokerfederation.org\\\/#website\"},\"primaryImageOfPage\":{\"@id\":\"https:\\\/\\\/worldpokerfederation.org\\\/about-the-world-poker-federation\\\/management-board\\\/ueltom-lima\\\/#primaryimage\"},\"image\":{\"@id\":\"https:\\\/\\\/worldpokerfederation.org\\\/about-the-world-poker-federation\\\/management-board\\\/ueltom-lima\\\/#primaryimage\"},\"thumbnailUrl\":\"https:\\\/\\\/i0.wp.com\\\/worldpokerfederation.org\\\/wp-content\\\/uploads\\\/2026\\\/02\\\/Ueltom-Lima-Gomes-World-Poker-Federation-Web.webp?fit=600%2C600&ssl=1\",\"datePublished\":\"2026-02-27T19:30:01+00:00\",\"dateModified\":\"2026-02-27T19:37:33+00:00\",\"description\":\"Meet Ueltom Lima, Public Relations of the World Poker Federation and former President of the Brazilian Poker Confederation.\",\"breadcrumb\":{\"@id\":\"https:\\\/\\\/worldpokerfederation.org\\\/about-the-world-poker-federation\\\/management-board\\\/ueltom-lima\\\/#breadcrumb\"},\"inLanguage\":\"de\",\"potentialAction\":[{\"@type\":\"ReadAction\",\"target\":[\"https:\\\/\\\/worldpokerfederation.org\\\/about-the-world-poker-federation\\\/management-board\\\/ueltom-lima\\\/\"]}]},{\"@type\":\"ImageObject\",\"inLanguage\":\"de\",\"@id\":\"https:\\\/\\\/worldpokerfederation.org\\\/about-the-world-poker-federation\\\/management-board\\\/ueltom-lima\\\/#primaryimage\",\"url\":\"https:\\\/\\\/i0.wp.com\\\/worldpokerfederation.org\\\/wp-content\\\/uploads\\\/2026\\\/02\\\/Ueltom-Lima-Gomes-World-Poker-Federation-Web.webp?fit=600%2C600&ssl=1\",\"contentUrl\":\"https:\\\/\\\/i0.wp.com\\\/worldpokerfederation.org\\\/wp-content\\\/uploads\\\/2026\\\/02\\\/Ueltom-Lima-Gomes-World-Poker-Federation-Web.webp?fit=600%2C600&ssl=1\",\"width\":600,\"height\":600,\"caption\":\"Ueltom Lima - WPF Public Relations\"},{\"@type\":\"BreadcrumbList\",\"@id\":\"https:\\\/\\\/worldpokerfederation.org\\\/about-the-world-poker-federation\\\/management-board\\\/ueltom-lima\\\/#breadcrumb\",\"itemListElement\":[{\"@type\":\"ListItem\",\"position\":1,\"name\":\"Home\",\"item\":\"https:\\\/\\\/worldpokerfederation.org\\\/\"},{\"@type\":\"ListItem\",\"position\":2,\"name\":\"About the World Poker Federation\",\"item\":\"https:\\\/\\\/worldpokerfederation.org\\\/about-the-world-poker-federation\\\/\"},{\"@type\":\"ListItem\",\"position\":3,\"name\":\"Management Board\",\"item\":\"https:\\\/\\\/worldpokerfederation.org\\\/about-the-world-poker-federation\\\/management-board\\\/\"},{\"@type\":\"ListItem\",\"position\":4,\"name\":\"Ueltom Lima &#8211; WPF Management Board\"}]},{\"@type\":\"WebSite\",\"@id\":\"https:\\\/\\\/worldpokerfederation.org\\\/#website\",\"url\":\"https:\\\/\\\/worldpokerfederation.org\\\/\",\"name\":\"World Poker Federation\",\"description\":\"Shaping the Future of Poker\",\"publisher\":{\"@id\":\"https:\\\/\\\/worldpokerfederation.org\\\/#organization\"},\"potentialAction\":[{\"@type\":\"SearchAction\",\"target\":{\"@type\":\"EntryPoint\",\"urlTemplate\":\"https:\\\/\\\/worldpokerfederation.org\\\/?s={search_term_string}\"},\"query-input\":{\"@type\":\"PropertyValueSpecification\",\"valueRequired\":true,\"valueName\":\"search_term_string\"}}],\"inLanguage\":\"de\"},{\"@type\":\"Organization\",\"@id\":\"https:\\\/\\\/worldpokerfederation.org\\\/#organization\",\"name\":\"World Poker Federation\",\"alternateName\":\"WPF\",\"url\":\"https:\\\/\\\/worldpokerfederation.org\\\/\",\"logo\":{\"@type\":\"ImageObject\",\"inLanguage\":\"de\",\"@id\":\"https:\\\/\\\/worldpokerfederation.org\\\/#\\\/schema\\\/logo\\\/image\\\/\",\"url\":\"https:\\\/\\\/i0.wp.com\\\/worldpokerfederation.org\\\/wp-content\\\/uploads\\\/2022\\\/12\\\/WPF-World-Poker-Federation-Featured-Image.png?fit=1200%2C628&ssl=1\",\"contentUrl\":\"https:\\\/\\\/i0.wp.com\\\/worldpokerfederation.org\\\/wp-content\\\/uploads\\\/2022\\\/12\\\/WPF-World-Poker-Federation-Featured-Image.png?fit=1200%2C628&ssl=1\",\"width\":1200,\"height\":628,\"caption\":\"World Poker Federation\"},\"image\":{\"@id\":\"https:\\\/\\\/worldpokerfederation.org\\\/#\\\/schema\\\/logo\\\/image\\\/\"},\"sameAs\":[\"https:\\\/\\\/www.facebook.com\\\/worldpokerfederation.oficial\\\/\",\"https:\\\/\\\/x.com\\\/wpf_poker\",\"https:\\\/\\\/www.instagram.com\\\/worldpokerfederation\\\/\",\"https:\\\/\\\/www.linkedin.com\\\/company\\\/world-poker-federation\",\"https:\\\/\\\/www.youtube.com\\\/@worldpokerfederation\"]}]}<\/script>\n<!-- \/ Yoast SEO plugin. -->","yoast_head_json":{"title":"Ueltom Lima - WPF Management Board","description":"Wir stellen Ihnen Ueltom Lima vor, den Leiter der \u00d6ffentlichkeitsarbeit des Weltpokerverbandes und ehemaligen Pr\u00e4sidenten des brasilianischen Pokerverbandes.","robots":{"index":"index","follow":"follow","max-snippet":"max-snippet:-1","max-image-preview":"max-image-preview:large","max-video-preview":"max-video-preview:-1"},"canonical":"https:\/\/worldpokerfederation.org\/de\/uber-den-weltpokerverband\/geschaftsfuhrung\/ueltom-lima\/","og_locale":"de_DE","og_type":"article","og_title":"Ueltom Lima - Public Relations at the World Poker Federation","og_description":"Meet Ueltom Lima, Public Relations of the World Poker Federation and former President of the Brazilian Poker Confederation.","og_url":"https:\/\/worldpokerfederation.org\/de\/uber-den-weltpokerverband\/geschaftsfuhrung\/ueltom-lima\/","og_site_name":"World Poker Federation","article_publisher":"https:\/\/www.facebook.com\/worldpokerfederation.oficial\/","article_modified_time":"2026-02-27T19:37:33+00:00","og_image":[{"width":600,"height":600,"url":"https:\/\/worldpokerfederation.org\/wp-content\/uploads\/2026\/02\/Ueltom-Lima-Gomes-World-Poker-Federation-Web.webp","type":"image\/webp"}],"twitter_card":"summary_large_image","twitter_title":"Ueltom Lima - Public Relations at the World Poker Federation","twitter_description":"Meet Ueltom Lima, Public Relations of the World Poker Federation and former President of the Brazilian Poker Confederation.","twitter_image":"https:\/\/i0.wp.com\/worldpokerfederation.org\/wp-content\/uploads\/2026\/02\/Ueltom-Lima-Gomes-World-Poker-Federation-Web.webp?fit=600%2C600&ssl=1","twitter_site":"@wpf_poker","schema":{"@context":"https:\/\/schema.org","@graph":[{"@type":"WebPage","@id":"https:\/\/worldpokerfederation.org\/about-the-world-poker-federation\/management-board\/ueltom-lima\/","url":"https:\/\/worldpokerfederation.org\/about-the-world-poker-federation\/management-board\/ueltom-lima\/","name":"Ueltom Lima - WPF Management Board","isPartOf":{"@id":"https:\/\/worldpokerfederation.org\/#website"},"primaryImageOfPage":{"@id":"https:\/\/worldpokerfederation.org\/about-the-world-poker-federation\/management-board\/ueltom-lima\/#primaryimage"},"image":{"@id":"https:\/\/worldpokerfederation.org\/about-the-world-poker-federation\/management-board\/ueltom-lima\/#primaryimage"},"thumbnailUrl":"https:\/\/i0.wp.com\/worldpokerfederation.org\/wp-content\/uploads\/2026\/02\/Ueltom-Lima-Gomes-World-Poker-Federation-Web.webp?fit=600%2C600&ssl=1","datePublished":"2026-02-27T19:30:01+00:00","dateModified":"2026-02-27T19:37:33+00:00","description":"Wir stellen Ihnen Ueltom Lima vor, den Leiter der \u00d6ffentlichkeitsarbeit des Weltpokerverbandes und ehemaligen Pr\u00e4sidenten des brasilianischen Pokerverbandes.","breadcrumb":{"@id":"https:\/\/worldpokerfederation.org\/about-the-world-poker-federation\/management-board\/ueltom-lima\/#breadcrumb"},"inLanguage":"de","potentialAction":[{"@type":"ReadAction","target":["https:\/\/worldpokerfederation.org\/about-the-world-poker-federation\/management-board\/ueltom-lima\/"]}]},{"@type":"ImageObject","inLanguage":"de","@id":"https:\/\/worldpokerfederation.org\/about-the-world-poker-federation\/management-board\/ueltom-lima\/#primaryimage","url":"https:\/\/i0.wp.com\/worldpokerfederation.org\/wp-content\/uploads\/2026\/02\/Ueltom-Lima-Gomes-World-Poker-Federation-Web.webp?fit=600%2C600&ssl=1","contentUrl":"https:\/\/i0.wp.com\/worldpokerfederation.org\/wp-content\/uploads\/2026\/02\/Ueltom-Lima-Gomes-World-Poker-Federation-Web.webp?fit=600%2C600&ssl=1","width":600,"height":600,"caption":"Ueltom Lima - WPF Public Relations"},{"@type":"BreadcrumbList","@id":"https:\/\/worldpokerfederation.org\/about-the-world-poker-federation\/management-board\/ueltom-lima\/#breadcrumb","itemListElement":[{"@type":"ListItem","position":1,"name":"Home","item":"https:\/\/worldpokerfederation.org\/"},{"@type":"ListItem","position":2,"name":"About the World Poker Federation","item":"https:\/\/worldpokerfederation.org\/about-the-world-poker-federation\/"},{"@type":"ListItem","position":3,"name":"Management Board","item":"https:\/\/worldpokerfederation.org\/about-the-world-poker-federation\/management-board\/"},{"@type":"ListItem","position":4,"name":"Ueltom Lima &#8211; WPF Management Board"}]},{"@type":"WebSite","@id":"https:\/\/worldpokerfederation.org\/#website","url":"https:\/\/worldpokerfederation.org\/","name":"World Poker Federation","description":"Die Zukunft des Pokers gestalten","publisher":{"@id":"https:\/\/worldpokerfederation.org\/#organization"},"potentialAction":[{"@type":"SearchAction","target":{"@type":"EntryPoint","urlTemplate":"https:\/\/worldpokerfederation.org\/?s={search_term_string}"},"query-input":{"@type":"PropertyValueSpecification","valueRequired":true,"valueName":"search_term_string"}}],"inLanguage":"de"},{"@type":"Organization","@id":"https:\/\/worldpokerfederation.org\/#organization","name":"World Poker Federation","alternateName":"WPF","url":"https:\/\/worldpokerfederation.org\/","logo":{"@type":"ImageObject","inLanguage":"de","@id":"https:\/\/worldpokerfederation.org\/#\/schema\/logo\/image\/","url":"https:\/\/i0.wp.com\/worldpokerfederation.org\/wp-content\/uploads\/2022\/12\/WPF-World-Poker-Federation-Featured-Image.png?fit=1200%2C628&ssl=1","contentUrl":"https:\/\/i0.wp.com\/worldpokerfederation.org\/wp-content\/uploads\/2022\/12\/WPF-World-Poker-Federation-Featured-Image.png?fit=1200%2C628&ssl=1","width":1200,"height":628,"caption":"World Poker Federation"},"image":{"@id":"https:\/\/worldpokerfederation.org\/#\/schema\/logo\/image\/"},"sameAs":["https:\/\/www.facebook.com\/worldpokerfederation.oficial\/","https:\/\/x.com\/wpf_poker","https:\/\/www.instagram.com\/worldpokerfederation\/","https:\/\/www.linkedin.com\/company\/world-poker-federation","https:\/\/www.youtube.com\/@worldpokerfederation"]}]}},"_links":{"self":[{"href":"https:\/\/worldpokerfederation.org\/de\/wp-json\/wp\/v2\/pages\/25944","targetHints":{"allow":["GET"]}}],"collection":[{"href":"https:\/\/worldpokerfederation.org\/de\/wp-json\/wp\/v2\/pages"}],"about":[{"href":"https:\/\/worldpokerfederation.org\/de\/wp-json\/wp\/v2\/types\/page"}],"author":[{"embeddable":true,"href":"https:\/\/worldpokerfederation.org\/de\/wp-json\/wp\/v2\/users\/173886969"}],"replies":[{"embeddable":true,"href":"https:\/\/worldpokerfederation.org\/de\/wp-json\/wp\/v2\/comments?post=25944"}],"version-history":[{"count":6,"href":"https:\/\/worldpokerfederation.org\/de\/wp-json\/wp\/v2\/pages\/25944\/revisions"}],"predecessor-version":[{"id":25961,"href":"https:\/\/worldpokerfederation.org\/de\/wp-json\/wp\/v2\/pages\/25944\/revisions\/25961"}],"up":[{"embeddable":true,"href":"https:\/\/worldpokerfederation.org\/de\/wp-json\/wp\/v2\/pages\/9317"}],"wp:featuredmedia":[{"embeddable":true,"href":"https:\/\/worldpokerfederation.org\/de\/wp-json\/wp\/v2\/media\/25946"}],"wp:attachment":[{"href":"https:\/\/worldpokerfederation.org\/de\/wp-json\/wp\/v2\/media?parent=25944"}],"curies":[{"name":"wp","href":"https:\/\/api.w.org\/{rel}","templated":true}]}}