{"id":1827,"date":"2023-02-15T13:02:33","date_gmt":"2023-02-15T16:02:33","guid":{"rendered":"https:\/\/worldpokerfederation.org\/?page_id=1827"},"modified":"2025-08-19T19:04:18","modified_gmt":"2025-08-19T22:04:18","slug":"melden-sie-sich-an","status":"publish","type":"page","link":"https:\/\/worldpokerfederation.org\/de\/melden-sie-sich-an\/","title":{"rendered":"Begleiten Sie uns"},"content":{"rendered":"\t\t<div data-elementor-type=\"wp-page\" data-elementor-id=\"1827\" class=\"elementor elementor-1827\" data-elementor-post-type=\"page\">\n\t\t\t\t\t\t<section class=\"elementor-section elementor-top-section elementor-element elementor-element-05d8ba9 elementor-section-content-middle elementor-section-boxed elementor-section-height-default elementor-section-height-default wpr-particle-no wpr-jarallax-no wpr-parallax-no wpr-sticky-section-no wpr-equal-height-no\" data-id=\"05d8ba9\" data-element_type=\"section\" data-e-type=\"section\" data-settings=\"{&quot;background_background&quot;:&quot;classic&quot;}\">\n\t\t\t\t\t\t\t<div class=\"elementor-background-overlay\"><\/div>\n\t\t\t\t\t\t\t<div class=\"elementor-container elementor-column-gap-wider\">\n\t\t\t\t\t<div class=\"elementor-column elementor-col-100 elementor-top-column elementor-element elementor-element-8637284\" data-id=\"8637284\" data-element_type=\"column\" data-e-type=\"column\" data-settings=\"{&quot;background_background&quot;:&quot;classic&quot;}\">\n\t\t\t<div class=\"elementor-widget-wrap elementor-element-populated\">\n\t\t\t\t\t\t<div class=\"elementor-element elementor-element-700bf1e elementor-invisible elementor-widget elementor-widget-heading\" data-id=\"700bf1e\" data-element_type=\"widget\" data-e-type=\"widget\" data-settings=\"{&quot;_animation&quot;:&quot;fadeIn&quot;,&quot;_animation_delay&quot;:50}\" data-widget_type=\"heading.default\">\n\t\t\t\t<div class=\"elementor-widget-container\">\n\t\t\t\t\t<h1 class=\"elementor-heading-title elementor-size-default\">BECOME A MEMBER<\/h1>\t\t\t\t<\/div>\n\t\t\t\t<\/div>\n\t\t\t\t<div class=\"elementor-element elementor-element-c05f886 elementor-invisible elementor-widget elementor-widget-heading\" data-id=\"c05f886\" data-element_type=\"widget\" data-e-type=\"widget\" data-settings=\"{&quot;_animation&quot;:&quot;fadeIn&quot;,&quot;_animation_delay&quot;:100}\" data-widget_type=\"heading.default\">\n\t\t\t\t<div class=\"elementor-widget-container\">\n\t\t\t\t\t<h2 class=\"elementor-heading-title elementor-size-default\">Join our mission to bring Poker's best  practices to every corner of the Earth!<\/h2>\t\t\t\t<\/div>\n\t\t\t\t<\/div>\n\t\t\t\t<section class=\"elementor-section elementor-inner-section elementor-element elementor-element-b7a3317 elementor-section-boxed elementor-section-height-default elementor-section-height-default wpr-particle-no wpr-jarallax-no wpr-parallax-no wpr-sticky-section-no wpr-equal-height-no\" data-id=\"b7a3317\" data-element_type=\"section\" data-e-type=\"section\">\n\t\t\t\t\t\t<div class=\"elementor-container elementor-column-gap-default\">\n\t\t\t\t\t<div class=\"elementor-column elementor-col-50 elementor-inner-column elementor-element elementor-element-919f181\" data-id=\"919f181\" data-element_type=\"column\" data-e-type=\"column\">\n\t\t\t<div class=\"elementor-widget-wrap elementor-element-populated\">\n\t\t\t\t\t\t<div class=\"elementor-element elementor-element-0d90e05 elementor-align-center elementor-mobile-align-center elementor-widget__width-initial elementor-widget-mobile__width-initial elementor-widget elementor-widget-button\" data-id=\"0d90e05\" data-element_type=\"widget\" data-e-type=\"widget\" data-widget_type=\"button.default\">\n\t\t\t\t<div class=\"elementor-widget-container\">\n\t\t\t\t\t\t\t\t\t<div class=\"elementor-button-wrapper\">\n\t\t\t\t\t<a class=\"elementor-button elementor-button-link elementor-size-xl elementor-animation-grow\" href=\"https:\/\/forms.gle\/1jT881zZbuKEvNSn7\" target=\"_blank\">\n\t\t\t\t\t\t<span class=\"elementor-button-content-wrapper\">\n\t\t\t\t\t\t\t\t\t<span class=\"elementor-button-text\">Existing federation signup<\/span>\n\t\t\t\t\t<\/span>\n\t\t\t\t\t<\/a>\n\t\t\t\t<\/div>\n\t\t\t\t\t\t\t\t<\/div>\n\t\t\t\t<\/div>\n\t\t\t\t\t<\/div>\n\t\t<\/div>\n\t\t\t\t<div class=\"elementor-column elementor-col-50 elementor-inner-column elementor-element elementor-element-9bd8660\" data-id=\"9bd8660\" data-element_type=\"column\" data-e-type=\"column\">\n\t\t\t<div class=\"elementor-widget-wrap elementor-element-populated\">\n\t\t\t\t\t\t<div class=\"elementor-element elementor-element-36605d4 elementor-align-center elementor-mobile-align-center elementor-widget__width-inherit elementor-widget-mobile__width-initial elementor-widget elementor-widget-button\" data-id=\"36605d4\" data-element_type=\"widget\" data-e-type=\"widget\" data-widget_type=\"button.default\">\n\t\t\t\t<div class=\"elementor-widget-container\">\n\t\t\t\t\t\t\t\t\t<div class=\"elementor-button-wrapper\">\n\t\t\t\t\t<a class=\"elementor-button elementor-button-link elementor-size-xl elementor-animation-grow\" href=\"https:\/\/forms.gle\/3DNeW4JfWRiChUcMA\" target=\"_blank\">\n\t\t\t\t\t\t<span class=\"elementor-button-content-wrapper\">\n\t\t\t\t\t\t\t\t\t<span class=\"elementor-button-text\">Start a federation<\/span>\n\t\t\t\t\t<\/span>\n\t\t\t\t\t<\/a>\n\t\t\t\t<\/div>\n\t\t\t\t\t\t\t\t<\/div>\n\t\t\t\t<\/div>\n\t\t\t\t\t<\/div>\n\t\t<\/div>\n\t\t\t\t\t<\/div>\n\t\t<\/section>\n\t\t\t\t\t<\/div>\n\t\t<\/div>\n\t\t\t\t\t<\/div>\n\t\t<\/section>\n\t\t\t\t<section class=\"elementor-section elementor-top-section elementor-element elementor-element-35084ca envato-kit-141-top-0 elementor-section-boxed elementor-section-height-default elementor-section-height-default wpr-particle-no wpr-jarallax-no wpr-parallax-no wpr-sticky-section-no wpr-equal-height-no\" data-id=\"35084ca\" data-element_type=\"section\" data-e-type=\"section\" data-settings=\"{&quot;background_background&quot;:&quot;classic&quot;}\">\n\t\t\t\t\t\t\t<div class=\"elementor-background-overlay\"><\/div>\n\t\t\t\t\t\t\t<div class=\"elementor-container elementor-column-gap-wider\">\n\t\t\t\t\t<div class=\"elementor-column elementor-col-50 elementor-top-column elementor-element elementor-element-68e5f81\" data-id=\"68e5f81\" data-element_type=\"column\" data-e-type=\"column\">\n\t\t\t<div class=\"elementor-widget-wrap elementor-element-populated\">\n\t\t\t\t\t\t<div class=\"elementor-element elementor-element-af18dbe elementor-invisible elementor-widget elementor-widget-heading\" data-id=\"af18dbe\" data-element_type=\"widget\" data-e-type=\"widget\" data-settings=\"{&quot;_animation&quot;:&quot;fadeIn&quot;,&quot;_animation_delay&quot;:150}\" data-widget_type=\"heading.default\">\n\t\t\t\t<div class=\"elementor-widget-container\">\n\t\t\t\t\t<h3 class=\"elementor-heading-title elementor-size-default\">We'd love to hear from you<\/h3>\t\t\t\t<\/div>\n\t\t\t\t<\/div>\n\t\t\t\t<div class=\"elementor-element elementor-element-8cac5e9 elementor-invisible elementor-widget elementor-widget-heading\" data-id=\"8cac5e9\" data-element_type=\"widget\" data-e-type=\"widget\" data-settings=\"{&quot;_animation&quot;:&quot;fadeIn&quot;,&quot;_animation_delay&quot;:100}\" data-widget_type=\"heading.default\">\n\t\t\t\t<div class=\"elementor-widget-container\">\n\t\t\t\t\t<h2 class=\"elementor-heading-title elementor-size-default\">Contact Us<\/h2>\t\t\t\t<\/div>\n\t\t\t\t<\/div>\n\t\t\t\t<div class=\"elementor-element elementor-element-4d11a2d elementor-invisible elementor-widget elementor-widget-text-editor\" data-id=\"4d11a2d\" data-element_type=\"widget\" data-e-type=\"widget\" data-settings=\"{&quot;_animation&quot;:&quot;fadeIn&quot;,&quot;_animation_delay&quot;:250}\" data-widget_type=\"text-editor.default\">\n\t\t\t\t<div class=\"elementor-widget-container\">\n\t\t\t\t\t\t\t\t\t<p>If you have plans to start a Poker Federation in your country, count on us to help you during the process and join us in our fight for Poker development all over the globe.<\/p>\t\t\t\t\t\t\t\t<\/div>\n\t\t\t\t<\/div>\n\t\t\t\t\t<\/div>\n\t\t<\/div>\n\t\t\t\t<div class=\"elementor-column elementor-col-50 elementor-top-column elementor-element elementor-element-1d8d35c\" data-id=\"1d8d35c\" data-element_type=\"column\" data-e-type=\"column\">\n\t\t\t<div class=\"elementor-widget-wrap elementor-element-populated\">\n\t\t\t\t\t\t<div class=\"elementor-element elementor-element-f1088d4 elementor-button-align-start elementor-mobile-button-align-center elementor-widget elementor-widget-form\" data-id=\"f1088d4\" data-element_type=\"widget\" data-e-type=\"widget\" data-settings=\"{&quot;step_next_label&quot;:&quot;Next&quot;,&quot;step_previous_label&quot;:&quot;Previous&quot;,&quot;button_width&quot;:&quot;100&quot;,&quot;step_type&quot;:&quot;number_text&quot;,&quot;step_icon_shape&quot;:&quot;circle&quot;}\" data-widget_type=\"form.default\">\n\t\t\t\t<div class=\"elementor-widget-container\">\n\t\t\t\t\t\t\t<form class=\"elementor-form\" method=\"post\" name=\"New Form\" aria-label=\"New Form\">\n\t\t\t<input type=\"hidden\" name=\"post_id\" value=\"1827\"\/>\n\t\t\t<input type=\"hidden\" name=\"form_id\" value=\"f1088d4\"\/>\n\t\t\t<input type=\"hidden\" name=\"referer_title\" value=\"Join Us\" \/>\n\n\t\t\t\t\t\t\t<input type=\"hidden\" name=\"queried_id\" value=\"1827\"\/>\n\t\t\t\n\t\t\t<div class=\"elementor-form-fields-wrapper elementor-labels-\">\n\t\t\t\t\t\t\t\t<div class=\"elementor-field-type-text elementor-field-group elementor-column elementor-field-group-name elementor-col-100\">\n\t\t\t\t\t\t\t\t\t\t\t\t<label for=\"form-field-name\" class=\"elementor-field-label elementor-screen-only\">\n\t\t\t\t\t\t\t\tName\t\t\t\t\t\t\t<\/label>\n\t\t\t\t\t\t\t\t\t\t\t\t\t\t<input size=\"1\" type=\"text\" name=\"form_fields[name]\" id=\"form-field-name\" class=\"elementor-field elementor-size-sm  elementor-field-textual\" placeholder=\"Name\">\n\t\t\t\t\t\t\t\t\t\t\t<\/div>\n\t\t\t\t\t\t\t\t<div class=\"elementor-field-type-email elementor-field-group elementor-column elementor-field-group-email elementor-col-100 elementor-field-required\">\n\t\t\t\t\t\t\t\t\t\t\t\t<label for=\"form-field-email\" class=\"elementor-field-label elementor-screen-only\">\n\t\t\t\t\t\t\t\tEmail\t\t\t\t\t\t\t<\/label>\n\t\t\t\t\t\t\t\t\t\t\t\t\t\t<input size=\"1\" type=\"email\" name=\"form_fields[email]\" id=\"form-field-email\" class=\"elementor-field elementor-size-sm  elementor-field-textual\" placeholder=\"Email\" required=\"required\">\n\t\t\t\t\t\t\t\t\t\t\t<\/div>\n\t\t\t\t\t\t\t\t<div class=\"elementor-field-type-textarea elementor-field-group elementor-column elementor-field-group-message elementor-col-100\">\n\t\t\t\t\t\t\t\t\t\t\t\t<label for=\"form-field-message\" class=\"elementor-field-label elementor-screen-only\">\n\t\t\t\t\t\t\t\tTell us more about your plans!\t\t\t\t\t\t\t<\/label>\n\t\t\t\t\t\t<textarea class=\"elementor-field-textual elementor-field  elementor-size-sm\" name=\"form_fields[message]\" id=\"form-field-message\" rows=\"4\" placeholder=\"Tell us more about your plans!\"><\/textarea>\t\t\t\t<\/div>\n\t\t\t\t\t\t\t\t<div class=\"elementor-field-type-recaptcha_v3 elementor-field-group elementor-column elementor-field-group-field_b055703 elementor-col-100 recaptcha_v3-bottomright\">\n\t\t\t\t\t<div class=\"elementor-field\" id=\"form-field-field_b055703\"><div class=\"elementor-g-recaptcha\" data-sitekey=\"6Lc9IDooAAAAAE_PQql63U2VWor_o2DH1IsL2tm0\" data-type=\"v3\" data-action=\"Form\" data-badge=\"bottomright\" data-size=\"invisible\"><\/div><\/div>\t\t\t\t<\/div>\n\t\t\t\t\t\t\t\t<div class=\"elementor-field-group elementor-column elementor-field-type-submit elementor-col-100 e-form__buttons\">\n\t\t\t\t\t<button class=\"elementor-button elementor-size-sm elementor-animation-grow\" type=\"submit\">\n\t\t\t\t\t\t<span class=\"elementor-button-content-wrapper\">\n\t\t\t\t\t\t\t\t\t\t\t\t\t\t\t\t\t\t\t\t\t\t<span class=\"elementor-button-text\">Send Message<\/span>\n\t\t\t\t\t\t\t\t\t\t\t\t\t<\/span>\n\t\t\t\t\t<\/button>\n\t\t\t\t<\/div>\n\t\t\t<\/div>\n\t\t<\/form>\n\t\t\t\t\t\t<\/div>\n\t\t\t\t<\/div>\n\t\t\t\t\t<\/div>\n\t\t<\/div>\n\t\t\t\t\t<\/div>\n\t\t<\/section>\n\t\t\t\t<\/div>\n\t\t","protected":false},"excerpt":{"rendered":"<p>WERDEN SIE MITGLIED Schlie\u00dfen Sie sich unserer Mission an, die besten Pokerpraktiken in jeden Winkel der Erde zu bringen! Anmeldung bei einem bestehenden Verband Einen Verband gr\u00fcnden Wir w\u00fcrden uns freuen, von Ihnen zu h\u00f6ren Kontaktieren Sie uns Wenn Sie planen, in Ihrem Land einen Pokerverband zu gr\u00fcnden, k\u00f6nnen Sie auf unsere Unterst\u00fctzung w\u00e4hrend des Prozesses z\u00e4hlen und sich unserem Kampf f\u00fcr die Pokerentwicklung auf der ganzen Welt anschlie\u00dfen.<\/p>","protected":false},"author":173886969,"featured_media":0,"parent":0,"menu_order":0,"comment_status":"closed","ping_status":"closed","template":"elementor_header_footer","meta":{"_coblocks_attr":"","_coblocks_dimensions":"","_coblocks_responsive_height":"","_coblocks_accordion_ie_support":"","_crdt_document":"","footnotes":"","_links_to":"","_links_to_target":""},"class_list":["post-1827","page","type-page","status-publish","hentry"],"blocksy_meta":[],"yoast_head":"<!-- This site is optimized with the Yoast SEO plugin v27.4 - https:\/\/yoast.com\/product\/yoast-seo-wordpress\/ -->\n<title>Join Us<\/title>\n<meta name=\"description\" content=\"If you are already exercising poker leadership in your country or have plans to start it, get in touch with our team and join us.\" \/>\n<meta name=\"robots\" content=\"index, follow, max-snippet:-1, max-image-preview:large, max-video-preview:-1\" \/>\n<link rel=\"canonical\" href=\"https:\/\/worldpokerfederation.org\/de\/melden-sie-sich-an\/\" \/>\n<meta property=\"og:locale\" content=\"de_DE\" \/>\n<meta property=\"og:type\" content=\"article\" \/>\n<meta property=\"og:title\" content=\"Join Us\" \/>\n<meta property=\"og:description\" content=\"If you are already exercising poker leadership in your country or have plans to start it, get in touch with our team and join us.\" \/>\n<meta property=\"og:url\" content=\"https:\/\/worldpokerfederation.org\/de\/melden-sie-sich-an\/\" \/>\n<meta property=\"og:site_name\" content=\"World Poker Federation\" \/>\n<meta property=\"article:publisher\" content=\"https:\/\/www.facebook.com\/worldpokerfederation.oficial\/\" \/>\n<meta property=\"article:modified_time\" content=\"2025-08-19T22:04:18+00:00\" \/>\n<meta name=\"twitter:card\" content=\"summary_large_image\" \/>\n<meta name=\"twitter:site\" content=\"@wpf_poker\" \/>\n<script type=\"application\/ld+json\" class=\"yoast-schema-graph\">{\"@context\":\"https:\\\/\\\/schema.org\",\"@graph\":[{\"@type\":\"WebPage\",\"@id\":\"https:\\\/\\\/worldpokerfederation.org\\\/signup\\\/\",\"url\":\"https:\\\/\\\/worldpokerfederation.org\\\/signup\\\/\",\"name\":\"Join Us\",\"isPartOf\":{\"@id\":\"https:\\\/\\\/worldpokerfederation.org\\\/#website\"},\"datePublished\":\"2023-02-15T16:02:33+00:00\",\"dateModified\":\"2025-08-19T22:04:18+00:00\",\"description\":\"If you are already exercising poker leadership in your country or have plans to start it, get in touch with our team and join us.\",\"breadcrumb\":{\"@id\":\"https:\\\/\\\/worldpokerfederation.org\\\/signup\\\/#breadcrumb\"},\"inLanguage\":\"de\",\"potentialAction\":[{\"@type\":\"ReadAction\",\"target\":[\"https:\\\/\\\/worldpokerfederation.org\\\/signup\\\/\"]}]},{\"@type\":\"BreadcrumbList\",\"@id\":\"https:\\\/\\\/worldpokerfederation.org\\\/signup\\\/#breadcrumb\",\"itemListElement\":[{\"@type\":\"ListItem\",\"position\":1,\"name\":\"Home\",\"item\":\"https:\\\/\\\/worldpokerfederation.org\\\/\"},{\"@type\":\"ListItem\",\"position\":2,\"name\":\"Join Us\"}]},{\"@type\":\"WebSite\",\"@id\":\"https:\\\/\\\/worldpokerfederation.org\\\/#website\",\"url\":\"https:\\\/\\\/worldpokerfederation.org\\\/\",\"name\":\"World Poker Federation\",\"description\":\"Shaping the Future of Poker\",\"publisher\":{\"@id\":\"https:\\\/\\\/worldpokerfederation.org\\\/#organization\"},\"potentialAction\":[{\"@type\":\"SearchAction\",\"target\":{\"@type\":\"EntryPoint\",\"urlTemplate\":\"https:\\\/\\\/worldpokerfederation.org\\\/?s={search_term_string}\"},\"query-input\":{\"@type\":\"PropertyValueSpecification\",\"valueRequired\":true,\"valueName\":\"search_term_string\"}}],\"inLanguage\":\"de\"},{\"@type\":\"Organization\",\"@id\":\"https:\\\/\\\/worldpokerfederation.org\\\/#organization\",\"name\":\"World Poker Federation\",\"alternateName\":\"WPF\",\"url\":\"https:\\\/\\\/worldpokerfederation.org\\\/\",\"logo\":{\"@type\":\"ImageObject\",\"inLanguage\":\"de\",\"@id\":\"https:\\\/\\\/worldpokerfederation.org\\\/#\\\/schema\\\/logo\\\/image\\\/\",\"url\":\"https:\\\/\\\/i0.wp.com\\\/worldpokerfederation.org\\\/wp-content\\\/uploads\\\/2022\\\/12\\\/WPF-World-Poker-Federation-Featured-Image.png?fit=1200%2C628&ssl=1\",\"contentUrl\":\"https:\\\/\\\/i0.wp.com\\\/worldpokerfederation.org\\\/wp-content\\\/uploads\\\/2022\\\/12\\\/WPF-World-Poker-Federation-Featured-Image.png?fit=1200%2C628&ssl=1\",\"width\":1200,\"height\":628,\"caption\":\"World Poker Federation\"},\"image\":{\"@id\":\"https:\\\/\\\/worldpokerfederation.org\\\/#\\\/schema\\\/logo\\\/image\\\/\"},\"sameAs\":[\"https:\\\/\\\/www.facebook.com\\\/worldpokerfederation.oficial\\\/\",\"https:\\\/\\\/x.com\\\/wpf_poker\",\"https:\\\/\\\/www.instagram.com\\\/worldpokerfederation\\\/\",\"https:\\\/\\\/www.linkedin.com\\\/company\\\/world-poker-federation\",\"https:\\\/\\\/www.youtube.com\\\/@worldpokerfederation\"]}]}<\/script>\n<!-- \/ Yoast SEO plugin. -->","yoast_head_json":{"title":"Begleiten Sie uns","description":"Wenn Sie in Ihrem Land bereits eine F\u00fchrungsrolle im Poker \u00fcbernehmen oder vorhaben, damit zu beginnen, nehmen Sie Kontakt mit unserem Team auf und schlie\u00dfen Sie sich uns an.","robots":{"index":"index","follow":"follow","max-snippet":"max-snippet:-1","max-image-preview":"max-image-preview:large","max-video-preview":"max-video-preview:-1"},"canonical":"https:\/\/worldpokerfederation.org\/de\/melden-sie-sich-an\/","og_locale":"de_DE","og_type":"article","og_title":"Join Us","og_description":"If you are already exercising poker leadership in your country or have plans to start it, get in touch with our team and join us.","og_url":"https:\/\/worldpokerfederation.org\/de\/melden-sie-sich-an\/","og_site_name":"World Poker Federation","article_publisher":"https:\/\/www.facebook.com\/worldpokerfederation.oficial\/","article_modified_time":"2025-08-19T22:04:18+00:00","twitter_card":"summary_large_image","twitter_site":"@wpf_poker","schema":{"@context":"https:\/\/schema.org","@graph":[{"@type":"WebPage","@id":"https:\/\/worldpokerfederation.org\/signup\/","url":"https:\/\/worldpokerfederation.org\/signup\/","name":"Begleiten Sie uns","isPartOf":{"@id":"https:\/\/worldpokerfederation.org\/#website"},"datePublished":"2023-02-15T16:02:33+00:00","dateModified":"2025-08-19T22:04:18+00:00","description":"Wenn Sie in Ihrem Land bereits eine F\u00fchrungsrolle im Poker \u00fcbernehmen oder vorhaben, damit zu beginnen, nehmen Sie Kontakt mit unserem Team auf und schlie\u00dfen Sie sich uns an.","breadcrumb":{"@id":"https:\/\/worldpokerfederation.org\/signup\/#breadcrumb"},"inLanguage":"de","potentialAction":[{"@type":"ReadAction","target":["https:\/\/worldpokerfederation.org\/signup\/"]}]},{"@type":"BreadcrumbList","@id":"https:\/\/worldpokerfederation.org\/signup\/#breadcrumb","itemListElement":[{"@type":"ListItem","position":1,"name":"Home","item":"https:\/\/worldpokerfederation.org\/"},{"@type":"ListItem","position":2,"name":"Join Us"}]},{"@type":"WebSite","@id":"https:\/\/worldpokerfederation.org\/#website","url":"https:\/\/worldpokerfederation.org\/","name":"World Poker Federation","description":"Die Zukunft des Pokers gestalten","publisher":{"@id":"https:\/\/worldpokerfederation.org\/#organization"},"potentialAction":[{"@type":"SearchAction","target":{"@type":"EntryPoint","urlTemplate":"https:\/\/worldpokerfederation.org\/?s={search_term_string}"},"query-input":{"@type":"PropertyValueSpecification","valueRequired":true,"valueName":"search_term_string"}}],"inLanguage":"de"},{"@type":"Organization","@id":"https:\/\/worldpokerfederation.org\/#organization","name":"World Poker Federation","alternateName":"WPF","url":"https:\/\/worldpokerfederation.org\/","logo":{"@type":"ImageObject","inLanguage":"de","@id":"https:\/\/worldpokerfederation.org\/#\/schema\/logo\/image\/","url":"https:\/\/i0.wp.com\/worldpokerfederation.org\/wp-content\/uploads\/2022\/12\/WPF-World-Poker-Federation-Featured-Image.png?fit=1200%2C628&ssl=1","contentUrl":"https:\/\/i0.wp.com\/worldpokerfederation.org\/wp-content\/uploads\/2022\/12\/WPF-World-Poker-Federation-Featured-Image.png?fit=1200%2C628&ssl=1","width":1200,"height":628,"caption":"World Poker Federation"},"image":{"@id":"https:\/\/worldpokerfederation.org\/#\/schema\/logo\/image\/"},"sameAs":["https:\/\/www.facebook.com\/worldpokerfederation.oficial\/","https:\/\/x.com\/wpf_poker","https:\/\/www.instagram.com\/worldpokerfederation\/","https:\/\/www.linkedin.com\/company\/world-poker-federation","https:\/\/www.youtube.com\/@worldpokerfederation"]}]}},"_links":{"self":[{"href":"https:\/\/worldpokerfederation.org\/de\/wp-json\/wp\/v2\/pages\/1827","targetHints":{"allow":["GET"]}}],"collection":[{"href":"https:\/\/worldpokerfederation.org\/de\/wp-json\/wp\/v2\/pages"}],"about":[{"href":"https:\/\/worldpokerfederation.org\/de\/wp-json\/wp\/v2\/types\/page"}],"author":[{"embeddable":true,"href":"https:\/\/worldpokerfederation.org\/de\/wp-json\/wp\/v2\/users\/173886969"}],"replies":[{"embeddable":true,"href":"https:\/\/worldpokerfederation.org\/de\/wp-json\/wp\/v2\/comments?post=1827"}],"version-history":[{"count":21,"href":"https:\/\/worldpokerfederation.org\/de\/wp-json\/wp\/v2\/pages\/1827\/revisions"}],"predecessor-version":[{"id":22778,"href":"https:\/\/worldpokerfederation.org\/de\/wp-json\/wp\/v2\/pages\/1827\/revisions\/22778"}],"wp:attachment":[{"href":"https:\/\/worldpokerfederation.org\/de\/wp-json\/wp\/v2\/media?parent=1827"}],"curies":[{"name":"wp","href":"https:\/\/api.w.org\/{rel}","templated":true}]}}