{"id":143,"date":"2022-12-25T17:00:40","date_gmt":"2022-12-25T20:00:40","guid":{"rendered":"https:\/\/worldpokerfederation.org\/?page_id=143"},"modified":"2025-02-17T16:26:19","modified_gmt":"2025-02-17T19:26:19","slug":"kontakt","status":"publish","type":"page","link":"https:\/\/worldpokerfederation.org\/de\/uber-den-weltpokerverband\/kontakt\/","title":{"rendered":"Kontakt"},"content":{"rendered":"\t\t<div data-elementor-type=\"wp-page\" data-elementor-id=\"143\" class=\"elementor elementor-143\" data-elementor-post-type=\"page\">\n\t\t\t\t\t\t<section class=\"elementor-section elementor-top-section elementor-element elementor-element-4d1bd040 envato-kit-141-top-0 elementor-section-boxed elementor-section-height-default elementor-section-height-default wpr-particle-no wpr-jarallax-no wpr-parallax-no wpr-sticky-section-no wpr-column-slider-no wpr-equal-height-no\" data-id=\"4d1bd040\" data-element_type=\"section\" data-e-type=\"section\" data-settings=\"{&quot;background_background&quot;:&quot;classic&quot;}\">\n\t\t\t\t\t\t\t<div class=\"elementor-background-overlay\"><\/div>\n\t\t\t\t\t\t\t<div class=\"elementor-container elementor-column-gap-wider\">\n\t\t\t\t\t<div class=\"elementor-column elementor-col-50 elementor-top-column elementor-element elementor-element-2d0c0499\" data-id=\"2d0c0499\" data-element_type=\"column\" data-e-type=\"column\">\n\t\t\t<div class=\"elementor-widget-wrap elementor-element-populated\">\n\t\t\t\t\t\t<div class=\"elementor-element elementor-element-1f8e330f elementor-invisible elementor-widget elementor-widget-heading\" data-id=\"1f8e330f\" data-element_type=\"widget\" data-e-type=\"widget\" data-settings=\"{&quot;_animation&quot;:&quot;fadeIn&quot;,&quot;_animation_delay&quot;:150}\" data-widget_type=\"heading.default\">\n\t\t\t\t<div class=\"elementor-widget-container\">\n\t\t\t\t\t<h2 class=\"elementor-heading-title elementor-size-default\">We'd love to hear from you<\/h2>\t\t\t\t<\/div>\n\t\t\t\t<\/div>\n\t\t\t\t<div class=\"elementor-element elementor-element-5e41dde6 elementor-invisible elementor-widget elementor-widget-heading\" data-id=\"5e41dde6\" data-element_type=\"widget\" data-e-type=\"widget\" data-settings=\"{&quot;_animation&quot;:&quot;fadeIn&quot;,&quot;_animation_delay&quot;:100}\" data-widget_type=\"heading.default\">\n\t\t\t\t<div class=\"elementor-widget-container\">\n\t\t\t\t\t<h1 class=\"elementor-heading-title elementor-size-default\">Contact Us<\/h1>\t\t\t\t<\/div>\n\t\t\t\t<\/div>\n\t\t\t\t<div class=\"elementor-element elementor-element-3d32662a elementor-invisible elementor-widget elementor-widget-text-editor\" data-id=\"3d32662a\" data-element_type=\"widget\" data-e-type=\"widget\" data-settings=\"{&quot;_animation&quot;:&quot;fadeIn&quot;,&quot;_animation_delay&quot;:250}\" data-widget_type=\"text-editor.default\">\n\t\t\t\t<div class=\"elementor-widget-container\">\n\t\t\t\t\t\t\t\t\t<p>We invite you to join us in our mission to bring the mind sport of poker best experiences and practices to all corners of the Earth.\u00a0Feel free to contact us!<\/p>\t\t\t\t\t\t\t\t<\/div>\n\t\t\t\t<\/div>\n\t\t\t\t<div class=\"elementor-element elementor-element-4c73ae42 elementor-widget-divider--view-line elementor-invisible elementor-widget elementor-widget-divider\" data-id=\"4c73ae42\" data-element_type=\"widget\" data-e-type=\"widget\" data-settings=\"{&quot;_animation&quot;:&quot;fadeIn&quot;,&quot;_animation_delay&quot;:200}\" data-widget_type=\"divider.default\">\n\t\t\t\t<div class=\"elementor-widget-container\">\n\t\t\t\t\t\t\t<div class=\"elementor-divider\">\n\t\t\t<span class=\"elementor-divider-separator\">\n\t\t\t\t\t\t<\/span>\n\t\t<\/div>\n\t\t\t\t\t\t<\/div>\n\t\t\t\t<\/div>\n\t\t\t\t<div class=\"elementor-element elementor-element-c97e76b elementor-widget elementor-widget-heading\" data-id=\"c97e76b\" data-element_type=\"widget\" data-e-type=\"widget\" data-widget_type=\"heading.default\">\n\t\t\t\t<div class=\"elementor-widget-container\">\n\t\t\t\t\t<h6 class=\"elementor-heading-title elementor-size-default\">Follow us on social media<\/h6>\t\t\t\t<\/div>\n\t\t\t\t<\/div>\n\t\t\t\t<div class=\"elementor-element elementor-element-542afd7 e-grid-align-tablet-left e-grid-align-mobile-center elementor-grid-6 e-grid-align-left elementor-shape-rounded elementor-widget elementor-widget-social-icons\" data-id=\"542afd7\" data-element_type=\"widget\" data-e-type=\"widget\" data-widget_type=\"social-icons.default\">\n\t\t\t\t<div class=\"elementor-widget-container\">\n\t\t\t\t\t\t\t<div class=\"elementor-social-icons-wrapper elementor-grid\" role=\"list\">\n\t\t\t\t\t\t\t<span class=\"elementor-grid-item\" role=\"listitem\">\n\t\t\t\t\t<a class=\"elementor-icon elementor-social-icon elementor-social-icon-instagram elementor-repeater-item-5830825\" href=\"https:\/\/www.instagram.com\/worldpokerfederation\/\" target=\"_blank\">\n\t\t\t\t\t\t<span class=\"elementor-screen-only\">Instagram<\/span>\n\t\t\t\t\t\t<i aria-hidden=\"true\" class=\"fab fa-instagram\"><\/i>\t\t\t\t\t<\/a>\n\t\t\t\t<\/span>\n\t\t\t\t\t\t\t<span class=\"elementor-grid-item\" role=\"listitem\">\n\t\t\t\t\t<a class=\"elementor-icon elementor-social-icon elementor-social-icon-facebook elementor-repeater-item-8cea3eb\" href=\"https:\/\/www.facebook.com\/worldpokerfederation.oficial\" target=\"_blank\">\n\t\t\t\t\t\t<span class=\"elementor-screen-only\">Facebook<\/span>\n\t\t\t\t\t\t<i aria-hidden=\"true\" class=\"fab fa-facebook\"><\/i>\t\t\t\t\t<\/a>\n\t\t\t\t<\/span>\n\t\t\t\t\t\t\t<span class=\"elementor-grid-item\" role=\"listitem\">\n\t\t\t\t\t<a class=\"elementor-icon elementor-social-icon elementor-social-icon-twitter elementor-repeater-item-04059eb\" href=\"http:\/\/twitter.com\/wpf_poker\" target=\"_blank\">\n\t\t\t\t\t\t<span class=\"elementor-screen-only\">Twitter<\/span>\n\t\t\t\t\t\t<i aria-hidden=\"true\" class=\"fab fa-twitter\"><\/i>\t\t\t\t\t<\/a>\n\t\t\t\t<\/span>\n\t\t\t\t\t\t\t<span class=\"elementor-grid-item\" role=\"listitem\">\n\t\t\t\t\t<a class=\"elementor-icon elementor-social-icon elementor-social-icon-youtube elementor-repeater-item-cc83c11\" href=\"https:\/\/www.youtube.com\/channel\/UCWnJFg94nmFQvhxi4zFEUCw\" target=\"_blank\">\n\t\t\t\t\t\t<span class=\"elementor-screen-only\">Youtube<\/span>\n\t\t\t\t\t\t<i aria-hidden=\"true\" class=\"fab fa-youtube\"><\/i>\t\t\t\t\t<\/a>\n\t\t\t\t<\/span>\n\t\t\t\t\t\t\t<span class=\"elementor-grid-item\" role=\"listitem\">\n\t\t\t\t\t<a class=\"elementor-icon elementor-social-icon elementor-social-icon-twitch elementor-repeater-item-0feb9c8\" href=\"https:\/\/www.twitch.tv\/worldpokerfederation\" target=\"_blank\">\n\t\t\t\t\t\t<span class=\"elementor-screen-only\">Twitch<\/span>\n\t\t\t\t\t\t<i aria-hidden=\"true\" class=\"fab fa-twitch\"><\/i>\t\t\t\t\t<\/a>\n\t\t\t\t<\/span>\n\t\t\t\t\t\t\t<span class=\"elementor-grid-item\" role=\"listitem\">\n\t\t\t\t\t<a class=\"elementor-icon elementor-social-icon elementor-social-icon-linkedin elementor-repeater-item-b546850\" href=\"https:\/\/www.linkedin.com\/company\/world-poker-federation\" target=\"_blank\">\n\t\t\t\t\t\t<span class=\"elementor-screen-only\">Linkedin<\/span>\n\t\t\t\t\t\t<i aria-hidden=\"true\" class=\"fab fa-linkedin\"><\/i>\t\t\t\t\t<\/a>\n\t\t\t\t<\/span>\n\t\t\t\t\t<\/div>\n\t\t\t\t\t\t<\/div>\n\t\t\t\t<\/div>\n\t\t\t\t\t<\/div>\n\t\t<\/div>\n\t\t\t\t<div class=\"elementor-column elementor-col-50 elementor-top-column elementor-element elementor-element-56d8370\" data-id=\"56d8370\" data-element_type=\"column\" data-e-type=\"column\">\n\t\t\t<div class=\"elementor-widget-wrap elementor-element-populated\">\n\t\t\t\t\t\t<div class=\"elementor-element elementor-element-3dedc2a elementor-button-align-start elementor-mobile-button-align-center elementor-widget elementor-widget-form\" data-id=\"3dedc2a\" data-element_type=\"widget\" data-e-type=\"widget\" data-settings=\"{&quot;step_next_label&quot;:&quot;Next&quot;,&quot;step_previous_label&quot;:&quot;Previous&quot;,&quot;button_width&quot;:&quot;100&quot;,&quot;step_type&quot;:&quot;number_text&quot;,&quot;step_icon_shape&quot;:&quot;circle&quot;}\" data-widget_type=\"form.default\">\n\t\t\t\t<div class=\"elementor-widget-container\">\n\t\t\t\t\t\t\t<form class=\"elementor-form\" method=\"post\" name=\"Contact - Site\" aria-label=\"Contact - Site\">\n\t\t\t<input type=\"hidden\" name=\"post_id\" value=\"143\"\/>\n\t\t\t<input type=\"hidden\" name=\"form_id\" value=\"3dedc2a\"\/>\n\t\t\t<input type=\"hidden\" name=\"referer_title\" value=\"World Poker Federation\" \/>\n\n\t\t\t\n\t\t\t<div class=\"elementor-form-fields-wrapper elementor-labels-\">\n\t\t\t\t\t\t\t\t<div class=\"elementor-field-type-text elementor-field-group elementor-column elementor-field-group-name elementor-col-100\">\n\t\t\t\t\t\t\t\t\t\t\t\t<label for=\"form-field-name\" class=\"elementor-field-label elementor-screen-only\">\n\t\t\t\t\t\t\t\tName\t\t\t\t\t\t\t<\/label>\n\t\t\t\t\t\t\t\t\t\t\t\t\t\t<input size=\"1\" type=\"text\" name=\"form_fields[name]\" id=\"form-field-name\" class=\"elementor-field elementor-size-sm  elementor-field-textual\" placeholder=\"Name\">\n\t\t\t\t\t\t\t\t\t\t\t<\/div>\n\t\t\t\t\t\t\t\t<div class=\"elementor-field-type-email elementor-field-group elementor-column elementor-field-group-email elementor-col-100 elementor-field-required\">\n\t\t\t\t\t\t\t\t\t\t\t\t<label for=\"form-field-email\" class=\"elementor-field-label elementor-screen-only\">\n\t\t\t\t\t\t\t\tEmail\t\t\t\t\t\t\t<\/label>\n\t\t\t\t\t\t\t\t\t\t\t\t\t\t<input size=\"1\" type=\"email\" name=\"form_fields[email]\" id=\"form-field-email\" class=\"elementor-field elementor-size-sm  elementor-field-textual\" placeholder=\"Email\" required=\"required\">\n\t\t\t\t\t\t\t\t\t\t\t<\/div>\n\t\t\t\t\t\t\t\t<div class=\"elementor-field-type-textarea elementor-field-group elementor-column elementor-field-group-message elementor-col-100\">\n\t\t\t\t\t\t\t\t\t\t\t\t<label for=\"form-field-message\" class=\"elementor-field-label elementor-screen-only\">\n\t\t\t\t\t\t\t\tMessage\t\t\t\t\t\t\t<\/label>\n\t\t\t\t\t\t<textarea class=\"elementor-field-textual elementor-field  elementor-size-sm\" name=\"form_fields[message]\" id=\"form-field-message\" rows=\"4\" placeholder=\"Message\"><\/textarea>\t\t\t\t<\/div>\n\t\t\t\t\t\t\t\t<div class=\"elementor-field-type-recaptcha_v3 elementor-field-group elementor-column elementor-field-group-field_173fc6b elementor-col-100 recaptcha_v3-bottomright\">\n\t\t\t\t\t<div class=\"elementor-field\" id=\"form-field-field_173fc6b\"><div class=\"elementor-g-recaptcha\" data-sitekey=\"6Lc9IDooAAAAAE_PQql63U2VWor_o2DH1IsL2tm0\" data-type=\"v3\" data-action=\"Form\" data-badge=\"bottomright\" data-size=\"invisible\"><\/div><\/div>\t\t\t\t<\/div>\n\t\t\t\t\t\t\t\t<div class=\"elementor-field-group elementor-column elementor-field-type-submit elementor-col-100 e-form__buttons\">\n\t\t\t\t\t<button class=\"elementor-button elementor-size-sm elementor-animation-grow\" type=\"submit\">\n\t\t\t\t\t\t<span class=\"elementor-button-content-wrapper\">\n\t\t\t\t\t\t\t\t\t\t\t\t\t\t\t\t\t\t\t\t\t\t<span class=\"elementor-button-text\">Send Message<\/span>\n\t\t\t\t\t\t\t\t\t\t\t\t\t<\/span>\n\t\t\t\t\t<\/button>\n\t\t\t\t<\/div>\n\t\t\t<\/div>\n\t\t<\/form>\n\t\t\t\t\t\t<\/div>\n\t\t\t\t<\/div>\n\t\t\t\t\t<\/div>\n\t\t<\/div>\n\t\t\t\t\t<\/div>\n\t\t<\/section>\n\t\t\t\t<\/div>\n\t\t","protected":false},"excerpt":{"rendered":"<p>Wir w\u00fcrden uns freuen, von Ihnen zu h\u00f6ren. Kontaktieren Sie uns. Wir laden Sie ein, sich unserer Mission anzuschlie\u00dfen, die besten Erfahrungen und Praktiken des Geistessports Poker in alle Ecken der Erde zu bringen. F\u00fchlen Sie sich frei uns zu kontaktieren! Folgen Sie uns in den sozialen Medien Instagram Facebook Twitter Youtube Twitch Linkedin<\/p>","protected":false},"author":173886969,"featured_media":1756,"parent":11601,"menu_order":0,"comment_status":"closed","ping_status":"closed","template":"elementor_header_footer","meta":{"_coblocks_attr":"","_coblocks_dimensions":"","_coblocks_responsive_height":"","_coblocks_accordion_ie_support":"","_crdt_document":"","footnotes":"","_links_to":"","_links_to_target":""},"class_list":["post-143","page","type-page","status-publish","has-post-thumbnail","hentry"],"blocksy_meta":[],"yoast_head":"<!-- This site is optimized with the Yoast SEO plugin v27.6 - https:\/\/yoast.com\/product\/yoast-seo-wordpress\/ -->\n<title>Contact<\/title>\n<meta name=\"description\" content=\"Contact WPF - Your direct connection to the World Poker Federation. Reach out to us for inquiries and collaborations.\" \/>\n<meta name=\"robots\" content=\"index, follow, max-snippet:-1, max-image-preview:large, max-video-preview:-1\" \/>\n<link rel=\"canonical\" href=\"https:\/\/worldpokerfederation.org\/de\/uber-den-weltpokerverband\/kontakt\/\" \/>\n<meta property=\"og:locale\" content=\"de_DE\" \/>\n<meta property=\"og:type\" content=\"article\" \/>\n<meta property=\"og:title\" content=\"Contact\" \/>\n<meta property=\"og:description\" content=\"Contact WPF - Your direct connection to the World Poker Federation. Reach out to us for inquiries and collaborations.\" \/>\n<meta property=\"og:url\" content=\"https:\/\/worldpokerfederation.org\/de\/uber-den-weltpokerverband\/kontakt\/\" \/>\n<meta property=\"og:site_name\" content=\"World Poker Federation\" \/>\n<meta property=\"article:publisher\" content=\"https:\/\/www.facebook.com\/worldpokerfederation.oficial\/\" \/>\n<meta property=\"article:modified_time\" content=\"2025-02-17T19:26:19+00:00\" \/>\n<meta property=\"og:image\" content=\"https:\/\/worldpokerfederation.org\/wp-content\/uploads\/2023\/01\/WPF-Featured-Image-2.png\" \/>\n\t<meta property=\"og:image:width\" content=\"1200\" \/>\n\t<meta property=\"og:image:height\" content=\"628\" \/>\n\t<meta property=\"og:image:type\" content=\"image\/png\" \/>\n<meta name=\"twitter:card\" content=\"summary_large_image\" \/>\n<meta name=\"twitter:site\" content=\"@wpf_poker\" \/>\n<script type=\"application\/ld+json\" class=\"yoast-schema-graph\">{\"@context\":\"https:\\\/\\\/schema.org\",\"@graph\":[{\"@type\":\"WebPage\",\"@id\":\"https:\\\/\\\/worldpokerfederation.org\\\/about-the-world-poker-federation\\\/contact\\\/\",\"url\":\"https:\\\/\\\/worldpokerfederation.org\\\/about-the-world-poker-federation\\\/contact\\\/\",\"name\":\"Contact\",\"isPartOf\":{\"@id\":\"https:\\\/\\\/worldpokerfederation.org\\\/#website\"},\"primaryImageOfPage\":{\"@id\":\"https:\\\/\\\/worldpokerfederation.org\\\/about-the-world-poker-federation\\\/contact\\\/#primaryimage\"},\"image\":{\"@id\":\"https:\\\/\\\/worldpokerfederation.org\\\/about-the-world-poker-federation\\\/contact\\\/#primaryimage\"},\"thumbnailUrl\":\"https:\\\/\\\/i0.wp.com\\\/worldpokerfederation.org\\\/wp-content\\\/uploads\\\/2023\\\/01\\\/WPF-Featured-Image-2.png?fit=1200%2C628&ssl=1\",\"datePublished\":\"2022-12-25T20:00:40+00:00\",\"dateModified\":\"2025-02-17T19:26:19+00:00\",\"description\":\"Contact WPF - Your direct connection to the World Poker Federation. Reach out to us for inquiries and collaborations.\",\"breadcrumb\":{\"@id\":\"https:\\\/\\\/worldpokerfederation.org\\\/about-the-world-poker-federation\\\/contact\\\/#breadcrumb\"},\"inLanguage\":\"de\",\"potentialAction\":[{\"@type\":\"ReadAction\",\"target\":[\"https:\\\/\\\/worldpokerfederation.org\\\/about-the-world-poker-federation\\\/contact\\\/\"]}]},{\"@type\":\"ImageObject\",\"inLanguage\":\"de\",\"@id\":\"https:\\\/\\\/worldpokerfederation.org\\\/about-the-world-poker-federation\\\/contact\\\/#primaryimage\",\"url\":\"https:\\\/\\\/i0.wp.com\\\/worldpokerfederation.org\\\/wp-content\\\/uploads\\\/2023\\\/01\\\/WPF-Featured-Image-2.png?fit=1200%2C628&ssl=1\",\"contentUrl\":\"https:\\\/\\\/i0.wp.com\\\/worldpokerfederation.org\\\/wp-content\\\/uploads\\\/2023\\\/01\\\/WPF-Featured-Image-2.png?fit=1200%2C628&ssl=1\",\"width\":1200,\"height\":628,\"caption\":\"WPF logo\"},{\"@type\":\"BreadcrumbList\",\"@id\":\"https:\\\/\\\/worldpokerfederation.org\\\/about-the-world-poker-federation\\\/contact\\\/#breadcrumb\",\"itemListElement\":[{\"@type\":\"ListItem\",\"position\":1,\"name\":\"Home\",\"item\":\"https:\\\/\\\/worldpokerfederation.org\\\/\"},{\"@type\":\"ListItem\",\"position\":2,\"name\":\"About the World Poker Federation\",\"item\":\"https:\\\/\\\/worldpokerfederation.org\\\/about-the-world-poker-federation\\\/\"},{\"@type\":\"ListItem\",\"position\":3,\"name\":\"Contact\"}]},{\"@type\":\"WebSite\",\"@id\":\"https:\\\/\\\/worldpokerfederation.org\\\/#website\",\"url\":\"https:\\\/\\\/worldpokerfederation.org\\\/\",\"name\":\"World Poker Federation\",\"description\":\"Shaping the Future of Poker\",\"publisher\":{\"@id\":\"https:\\\/\\\/worldpokerfederation.org\\\/#organization\"},\"potentialAction\":[{\"@type\":\"SearchAction\",\"target\":{\"@type\":\"EntryPoint\",\"urlTemplate\":\"https:\\\/\\\/worldpokerfederation.org\\\/?s={search_term_string}\"},\"query-input\":{\"@type\":\"PropertyValueSpecification\",\"valueRequired\":true,\"valueName\":\"search_term_string\"}}],\"inLanguage\":\"de\"},{\"@type\":\"Organization\",\"@id\":\"https:\\\/\\\/worldpokerfederation.org\\\/#organization\",\"name\":\"World Poker Federation\",\"alternateName\":\"WPF\",\"url\":\"https:\\\/\\\/worldpokerfederation.org\\\/\",\"logo\":{\"@type\":\"ImageObject\",\"inLanguage\":\"de\",\"@id\":\"https:\\\/\\\/worldpokerfederation.org\\\/#\\\/schema\\\/logo\\\/image\\\/\",\"url\":\"https:\\\/\\\/i0.wp.com\\\/worldpokerfederation.org\\\/wp-content\\\/uploads\\\/2022\\\/12\\\/WPF-World-Poker-Federation-Featured-Image.png?fit=1200%2C628&ssl=1\",\"contentUrl\":\"https:\\\/\\\/i0.wp.com\\\/worldpokerfederation.org\\\/wp-content\\\/uploads\\\/2022\\\/12\\\/WPF-World-Poker-Federation-Featured-Image.png?fit=1200%2C628&ssl=1\",\"width\":1200,\"height\":628,\"caption\":\"World Poker Federation\"},\"image\":{\"@id\":\"https:\\\/\\\/worldpokerfederation.org\\\/#\\\/schema\\\/logo\\\/image\\\/\"},\"sameAs\":[\"https:\\\/\\\/www.facebook.com\\\/worldpokerfederation.oficial\\\/\",\"https:\\\/\\\/x.com\\\/wpf_poker\",\"https:\\\/\\\/www.instagram.com\\\/worldpokerfederation\\\/\",\"https:\\\/\\\/www.linkedin.com\\\/company\\\/world-poker-federation\",\"https:\\\/\\\/www.youtube.com\\\/@worldpokerfederation\"]}]}<\/script>\n<!-- \/ Yoast SEO plugin. -->","yoast_head_json":{"title":"Kontakt","description":"Kontaktieren Sie WPF \u2013 Ihre direkte Verbindung zur World Poker Federation. Kontaktieren Sie uns f\u00fcr Anfragen und Kooperationen.","robots":{"index":"index","follow":"follow","max-snippet":"max-snippet:-1","max-image-preview":"max-image-preview:large","max-video-preview":"max-video-preview:-1"},"canonical":"https:\/\/worldpokerfederation.org\/de\/uber-den-weltpokerverband\/kontakt\/","og_locale":"de_DE","og_type":"article","og_title":"Contact","og_description":"Contact WPF - Your direct connection to the World Poker Federation. Reach out to us for inquiries and collaborations.","og_url":"https:\/\/worldpokerfederation.org\/de\/uber-den-weltpokerverband\/kontakt\/","og_site_name":"World Poker Federation","article_publisher":"https:\/\/www.facebook.com\/worldpokerfederation.oficial\/","article_modified_time":"2025-02-17T19:26:19+00:00","og_image":[{"width":1200,"height":628,"url":"https:\/\/worldpokerfederation.org\/wp-content\/uploads\/2023\/01\/WPF-Featured-Image-2.png","type":"image\/png"}],"twitter_card":"summary_large_image","twitter_site":"@wpf_poker","schema":{"@context":"https:\/\/schema.org","@graph":[{"@type":"WebPage","@id":"https:\/\/worldpokerfederation.org\/about-the-world-poker-federation\/contact\/","url":"https:\/\/worldpokerfederation.org\/about-the-world-poker-federation\/contact\/","name":"Kontakt","isPartOf":{"@id":"https:\/\/worldpokerfederation.org\/#website"},"primaryImageOfPage":{"@id":"https:\/\/worldpokerfederation.org\/about-the-world-poker-federation\/contact\/#primaryimage"},"image":{"@id":"https:\/\/worldpokerfederation.org\/about-the-world-poker-federation\/contact\/#primaryimage"},"thumbnailUrl":"https:\/\/i0.wp.com\/worldpokerfederation.org\/wp-content\/uploads\/2023\/01\/WPF-Featured-Image-2.png?fit=1200%2C628&ssl=1","datePublished":"2022-12-25T20:00:40+00:00","dateModified":"2025-02-17T19:26:19+00:00","description":"Kontaktieren Sie WPF \u2013 Ihre direkte Verbindung zur World Poker Federation. Kontaktieren Sie uns f\u00fcr Anfragen und Kooperationen.","breadcrumb":{"@id":"https:\/\/worldpokerfederation.org\/about-the-world-poker-federation\/contact\/#breadcrumb"},"inLanguage":"de","potentialAction":[{"@type":"ReadAction","target":["https:\/\/worldpokerfederation.org\/about-the-world-poker-federation\/contact\/"]}]},{"@type":"ImageObject","inLanguage":"de","@id":"https:\/\/worldpokerfederation.org\/about-the-world-poker-federation\/contact\/#primaryimage","url":"https:\/\/i0.wp.com\/worldpokerfederation.org\/wp-content\/uploads\/2023\/01\/WPF-Featured-Image-2.png?fit=1200%2C628&ssl=1","contentUrl":"https:\/\/i0.wp.com\/worldpokerfederation.org\/wp-content\/uploads\/2023\/01\/WPF-Featured-Image-2.png?fit=1200%2C628&ssl=1","width":1200,"height":628,"caption":"WPF logo"},{"@type":"BreadcrumbList","@id":"https:\/\/worldpokerfederation.org\/about-the-world-poker-federation\/contact\/#breadcrumb","itemListElement":[{"@type":"ListItem","position":1,"name":"Home","item":"https:\/\/worldpokerfederation.org\/"},{"@type":"ListItem","position":2,"name":"About the World Poker Federation","item":"https:\/\/worldpokerfederation.org\/about-the-world-poker-federation\/"},{"@type":"ListItem","position":3,"name":"Contact"}]},{"@type":"WebSite","@id":"https:\/\/worldpokerfederation.org\/#website","url":"https:\/\/worldpokerfederation.org\/","name":"World Poker Federation","description":"Die Zukunft des Pokers gestalten","publisher":{"@id":"https:\/\/worldpokerfederation.org\/#organization"},"potentialAction":[{"@type":"SearchAction","target":{"@type":"EntryPoint","urlTemplate":"https:\/\/worldpokerfederation.org\/?s={search_term_string}"},"query-input":{"@type":"PropertyValueSpecification","valueRequired":true,"valueName":"search_term_string"}}],"inLanguage":"de"},{"@type":"Organization","@id":"https:\/\/worldpokerfederation.org\/#organization","name":"World Poker Federation","alternateName":"WPF","url":"https:\/\/worldpokerfederation.org\/","logo":{"@type":"ImageObject","inLanguage":"de","@id":"https:\/\/worldpokerfederation.org\/#\/schema\/logo\/image\/","url":"https:\/\/i0.wp.com\/worldpokerfederation.org\/wp-content\/uploads\/2022\/12\/WPF-World-Poker-Federation-Featured-Image.png?fit=1200%2C628&ssl=1","contentUrl":"https:\/\/i0.wp.com\/worldpokerfederation.org\/wp-content\/uploads\/2022\/12\/WPF-World-Poker-Federation-Featured-Image.png?fit=1200%2C628&ssl=1","width":1200,"height":628,"caption":"World Poker Federation"},"image":{"@id":"https:\/\/worldpokerfederation.org\/#\/schema\/logo\/image\/"},"sameAs":["https:\/\/www.facebook.com\/worldpokerfederation.oficial\/","https:\/\/x.com\/wpf_poker","https:\/\/www.instagram.com\/worldpokerfederation\/","https:\/\/www.linkedin.com\/company\/world-poker-federation","https:\/\/www.youtube.com\/@worldpokerfederation"]}]}},"_links":{"self":[{"href":"https:\/\/worldpokerfederation.org\/de\/wp-json\/wp\/v2\/pages\/143","targetHints":{"allow":["GET"]}}],"collection":[{"href":"https:\/\/worldpokerfederation.org\/de\/wp-json\/wp\/v2\/pages"}],"about":[{"href":"https:\/\/worldpokerfederation.org\/de\/wp-json\/wp\/v2\/types\/page"}],"author":[{"embeddable":true,"href":"https:\/\/worldpokerfederation.org\/de\/wp-json\/wp\/v2\/users\/173886969"}],"replies":[{"embeddable":true,"href":"https:\/\/worldpokerfederation.org\/de\/wp-json\/wp\/v2\/comments?post=143"}],"version-history":[{"count":19,"href":"https:\/\/worldpokerfederation.org\/de\/wp-json\/wp\/v2\/pages\/143\/revisions"}],"predecessor-version":[{"id":19777,"href":"https:\/\/worldpokerfederation.org\/de\/wp-json\/wp\/v2\/pages\/143\/revisions\/19777"}],"up":[{"embeddable":true,"href":"https:\/\/worldpokerfederation.org\/de\/wp-json\/wp\/v2\/pages\/11601"}],"wp:featuredmedia":[{"embeddable":true,"href":"https:\/\/worldpokerfederation.org\/de\/wp-json\/wp\/v2\/media\/1756"}],"wp:attachment":[{"href":"https:\/\/worldpokerfederation.org\/de\/wp-json\/wp\/v2\/media?parent=143"}],"curies":[{"name":"wp","href":"https:\/\/api.w.org\/{rel}","templated":true}]}}